{"id":6,"date":"2022-11-29T17:25:17","date_gmt":"2022-11-29T17:25:17","guid":{"rendered":"http:\/\/antumois.ee\/pood\/cart\/"},"modified":"2024-03-18T09:32:11","modified_gmt":"2024-03-18T07:32:11","slug":"ostukorv","status":"publish","type":"page","link":"https:\/\/antumois.ee\/pood\/ostukorv\/","title":{"rendered":"Ostukorv"},"content":{"rendered":"\n","protected":false},"excerpt":{"rendered":"","protected":false},"author":4,"featured_media":0,"parent":0,"menu_order":0,"comment_status":"closed","ping_status":"closed","template":"","meta":{"footnotes":""},"class_list":["post-6","page","type-page","status-publish","hentry"],"yoast_head":"<!-- This site is optimized with the Yoast SEO plugin v26.9 - https:\/\/yoast.com\/product\/yoast-seo-wordpress\/ -->\n<title>Ostukorv - \u00c4ntu M\u00f5is e-pood<\/title>\n<meta name=\"description\" content=\"Kikerikii mahebroileriliha ja mahemunad otse \u00c4ntu m\u00f5isast. Tarne Tallinnas, Tartus, Paides, J\u00f5geval.\" \/>\n<meta name=\"robots\" content=\"index, follow, max-snippet:-1, max-image-preview:large, max-video-preview:-1\" \/>\n<link rel=\"canonical\" href=\"https:\/\/antumois.ee\/pood\/ostukorv\/\" \/>\n<meta property=\"og:locale\" content=\"et_EE\" \/>\n<meta property=\"og:type\" content=\"article\" \/>\n<meta property=\"og:title\" content=\"Ostukorv - \u00c4ntu M\u00f5is e-pood\" \/>\n<meta property=\"og:description\" content=\"Kikerikii mahebroileriliha ja mahemunad otse \u00c4ntu m\u00f5isast. Tarne Tallinnas, Tartus, Paides, J\u00f5geval.\" \/>\n<meta property=\"og:url\" content=\"https:\/\/antumois.ee\/pood\/ostukorv\/\" \/>\n<meta property=\"og:site_name\" content=\"\u00c4ntu M\u00f5is e-pood\" \/>\n<meta property=\"article:publisher\" content=\"https:\/\/www.facebook.com\/antumois.kikerikii\" \/>\n<meta property=\"article:modified_time\" content=\"2024-03-18T07:32:11+00:00\" \/>\n<meta name=\"twitter:card\" content=\"summary_large_image\" \/>\n<meta name=\"twitter:label1\" content=\"Est. reading time\" \/>\n\t<meta name=\"twitter:data1\" content=\"1 minut\" \/>\n<script type=\"application\/ld+json\" class=\"yoast-schema-graph\">{\"@context\":\"https:\/\/schema.org\",\"@graph\":[{\"@type\":\"WebPage\",\"@id\":\"https:\/\/antumois.ee\/pood\/ostukorv\/\",\"url\":\"https:\/\/antumois.ee\/pood\/ostukorv\/\",\"name\":\"Ostukorv - \u00c4ntu M\u00f5is e-pood\",\"isPartOf\":{\"@id\":\"https:\/\/antumois.ee\/pood\/#website\"},\"datePublished\":\"2022-11-29T17:25:17+00:00\",\"dateModified\":\"2024-03-18T07:32:11+00:00\",\"description\":\"Kikerikii mahebroileriliha ja mahemunad otse \u00c4ntu m\u00f5isast. Tarne Tallinnas, Tartus, Paides, J\u00f5geval.\",\"breadcrumb\":{\"@id\":\"https:\/\/antumois.ee\/pood\/ostukorv\/#breadcrumb\"},\"inLanguage\":\"et\",\"potentialAction\":[{\"@type\":\"ReadAction\",\"target\":[\"https:\/\/antumois.ee\/pood\/ostukorv\/\"]}]},{\"@type\":\"BreadcrumbList\",\"@id\":\"https:\/\/antumois.ee\/pood\/ostukorv\/#breadcrumb\",\"itemListElement\":[{\"@type\":\"ListItem\",\"position\":1,\"name\":\"Home\",\"item\":\"https:\/\/antumois.ee\/pood\/\"},{\"@type\":\"ListItem\",\"position\":2,\"name\":\"Ostukorv\"}]},{\"@type\":\"WebSite\",\"@id\":\"https:\/\/antumois.ee\/pood\/#website\",\"url\":\"https:\/\/antumois.ee\/pood\/\",\"name\":\"\u00c4ntu M\u00f5is e-pood\",\"description\":\"\u00c4ntu M\u00f5is e-pood\",\"publisher\":{\"@id\":\"https:\/\/antumois.ee\/pood\/#organization\"},\"potentialAction\":[{\"@type\":\"SearchAction\",\"target\":{\"@type\":\"EntryPoint\",\"urlTemplate\":\"https:\/\/antumois.ee\/pood\/?s={search_term_string}\"},\"query-input\":{\"@type\":\"PropertyValueSpecification\",\"valueRequired\":true,\"valueName\":\"search_term_string\"}}],\"inLanguage\":\"et\"},{\"@type\":\"Organization\",\"@id\":\"https:\/\/antumois.ee\/pood\/#organization\",\"name\":\"\u00c4ntu M\u00f5is e-pood\",\"url\":\"https:\/\/antumois.ee\/pood\/\",\"logo\":{\"@type\":\"ImageObject\",\"inLanguage\":\"et\",\"@id\":\"https:\/\/antumois.ee\/pood\/#\/schema\/logo\/image\/\",\"url\":\"https:\/\/antumois.ee\/pood\/wp-content\/uploads\/2022\/11\/Kikerikiiantu_logo.png\",\"contentUrl\":\"https:\/\/antumois.ee\/pood\/wp-content\/uploads\/2022\/11\/Kikerikiiantu_logo.png\",\"width\":266,\"height\":193,\"caption\":\"\u00c4ntu M\u00f5is e-pood\"},\"image\":{\"@id\":\"https:\/\/antumois.ee\/pood\/#\/schema\/logo\/image\/\"},\"sameAs\":[\"https:\/\/www.facebook.com\/antumois.kikerikii\",\"https:\/\/www.instagram.com\/antu.kikerikii\/\"]}]}<\/script>\n<!-- \/ Yoast SEO plugin. -->","yoast_head_json":{"title":"Ostukorv - \u00c4ntu M\u00f5is e-pood","description":"Kikerikii mahebroileriliha ja mahemunad otse \u00c4ntu m\u00f5isast. Tarne Tallinnas, Tartus, Paides, J\u00f5geval.","robots":{"index":"index","follow":"follow","max-snippet":"max-snippet:-1","max-image-preview":"max-image-preview:large","max-video-preview":"max-video-preview:-1"},"canonical":"https:\/\/antumois.ee\/pood\/ostukorv\/","og_locale":"et_EE","og_type":"article","og_title":"Ostukorv - \u00c4ntu M\u00f5is e-pood","og_description":"Kikerikii mahebroileriliha ja mahemunad otse \u00c4ntu m\u00f5isast. Tarne Tallinnas, Tartus, Paides, J\u00f5geval.","og_url":"https:\/\/antumois.ee\/pood\/ostukorv\/","og_site_name":"\u00c4ntu M\u00f5is e-pood","article_publisher":"https:\/\/www.facebook.com\/antumois.kikerikii","article_modified_time":"2024-03-18T07:32:11+00:00","twitter_card":"summary_large_image","twitter_misc":{"Est. reading time":"1 minut"},"schema":{"@context":"https:\/\/schema.org","@graph":[{"@type":"WebPage","@id":"https:\/\/antumois.ee\/pood\/ostukorv\/","url":"https:\/\/antumois.ee\/pood\/ostukorv\/","name":"Ostukorv - \u00c4ntu M\u00f5is e-pood","isPartOf":{"@id":"https:\/\/antumois.ee\/pood\/#website"},"datePublished":"2022-11-29T17:25:17+00:00","dateModified":"2024-03-18T07:32:11+00:00","description":"Kikerikii mahebroileriliha ja mahemunad otse \u00c4ntu m\u00f5isast. Tarne Tallinnas, Tartus, Paides, J\u00f5geval.","breadcrumb":{"@id":"https:\/\/antumois.ee\/pood\/ostukorv\/#breadcrumb"},"inLanguage":"et","potentialAction":[{"@type":"ReadAction","target":["https:\/\/antumois.ee\/pood\/ostukorv\/"]}]},{"@type":"BreadcrumbList","@id":"https:\/\/antumois.ee\/pood\/ostukorv\/#breadcrumb","itemListElement":[{"@type":"ListItem","position":1,"name":"Home","item":"https:\/\/antumois.ee\/pood\/"},{"@type":"ListItem","position":2,"name":"Ostukorv"}]},{"@type":"WebSite","@id":"https:\/\/antumois.ee\/pood\/#website","url":"https:\/\/antumois.ee\/pood\/","name":"\u00c4ntu M\u00f5is e-pood","description":"\u00c4ntu M\u00f5is e-pood","publisher":{"@id":"https:\/\/antumois.ee\/pood\/#organization"},"potentialAction":[{"@type":"SearchAction","target":{"@type":"EntryPoint","urlTemplate":"https:\/\/antumois.ee\/pood\/?s={search_term_string}"},"query-input":{"@type":"PropertyValueSpecification","valueRequired":true,"valueName":"search_term_string"}}],"inLanguage":"et"},{"@type":"Organization","@id":"https:\/\/antumois.ee\/pood\/#organization","name":"\u00c4ntu M\u00f5is e-pood","url":"https:\/\/antumois.ee\/pood\/","logo":{"@type":"ImageObject","inLanguage":"et","@id":"https:\/\/antumois.ee\/pood\/#\/schema\/logo\/image\/","url":"https:\/\/antumois.ee\/pood\/wp-content\/uploads\/2022\/11\/Kikerikiiantu_logo.png","contentUrl":"https:\/\/antumois.ee\/pood\/wp-content\/uploads\/2022\/11\/Kikerikiiantu_logo.png","width":266,"height":193,"caption":"\u00c4ntu M\u00f5is e-pood"},"image":{"@id":"https:\/\/antumois.ee\/pood\/#\/schema\/logo\/image\/"},"sameAs":["https:\/\/www.facebook.com\/antumois.kikerikii","https:\/\/www.instagram.com\/antu.kikerikii\/"]}]}},"jetpack_sharing_enabled":true,"_links":{"self":[{"href":"https:\/\/antumois.ee\/pood\/wp-json\/wp\/v2\/pages\/6","targetHints":{"allow":["GET"]}}],"collection":[{"href":"https:\/\/antumois.ee\/pood\/wp-json\/wp\/v2\/pages"}],"about":[{"href":"https:\/\/antumois.ee\/pood\/wp-json\/wp\/v2\/types\/page"}],"author":[{"embeddable":true,"href":"https:\/\/antumois.ee\/pood\/wp-json\/wp\/v2\/users\/4"}],"replies":[{"embeddable":true,"href":"https:\/\/antumois.ee\/pood\/wp-json\/wp\/v2\/comments?post=6"}],"version-history":[{"count":2,"href":"https:\/\/antumois.ee\/pood\/wp-json\/wp\/v2\/pages\/6\/revisions"}],"predecessor-version":[{"id":597,"href":"https:\/\/antumois.ee\/pood\/wp-json\/wp\/v2\/pages\/6\/revisions\/597"}],"wp:attachment":[{"href":"https:\/\/antumois.ee\/pood\/wp-json\/wp\/v2\/media?parent=6"}],"curies":[{"name":"wp","href":"https:\/\/api.w.org\/{rel}","templated":true}]}}