{"id":9,"date":"2022-11-29T17:25:17","date_gmt":"2022-11-29T17:25:17","guid":{"rendered":"http:\/\/antumois.ee\/pood\/?page_id=9"},"modified":"2025-08-22T16:02:30","modified_gmt":"2025-08-22T13:02:30","slug":"myygitingimused","status":"publish","type":"page","link":"https:\/\/antumois.ee\/pood\/myygitingimused\/","title":{"rendered":"M\u00fc\u00fcgitingimused"},"content":{"rendered":"\n<p><strong>M\u00dc\u00dcGITINGIMUSED<\/strong><\/p>\n\n\n\n<p><strong>Tellimistingimuste kehtivus<\/strong><\/p>\n\n\n\n<ol class=\"wp-block-list\">\n<li>Tellimistingimused kehtivad Antumois.ee e-poest ostja (edaspidi Tarbija) ja ettev\u00f5tja \u00c4ntu M\u00f5is O\u00dc (edaspidi Veebipood) vahel kaupade ja teenuste ostmisel.<\/li>\n\n\n\n<li>Lisaks k\u00e4esolevatele tingimustele reguleerivad veebipoest toodete ostmisel tekkivaid \u00f5igussuhteid Eesti Vabariigis kehtivad v\u00f5la\u00f5igusseadus (edaspidi V\u00d5S), tarbijakaitseseadus (edaspidi TKS) ja teised \u00f5igusaktid.<\/li>\n\n\n\n<li>Veebipood j\u00e4tab endale \u00f5iguse teha tellimistingimustes muudatusi. Nimetatud muudatused kajastatakse veebilehel.<\/li>\n<\/ol>\n\n\n\n<p><strong>Hinnainfo<\/strong><\/p>\n\n\n\n<ol class=\"wp-block-list\">\n<li>Veebipoes m\u00fc\u00fcdavate toodete hinnad on m\u00e4rgitud toodete juurde ning sisaldavad k\u00e4ibemaksu.<\/li>\n\n\n\n<li>Hinnad kehtivad tellimuse vormistamisest alates 14 p\u00e4eva.<\/li>\n\n\n\n<li>Kui tellimus on esitatud enne tellimistingimuste v\u00f5i hindade muutmist, siis kohaldatakse Tarbija ja Veebipoe vahel tekkinud \u00f5igussuhetele tellimuse vormistamise ajal kehtinud tingimused.<\/li>\n\n\n\n<li>Veebipood j\u00e4tab endale \u00f5iguse teha m\u00fc\u00fcgihindades muudatusi. Nimetatud muudatused kajastatakse veebilehel.<\/li>\n<\/ol>\n\n\n\n<p><strong>Tellimuse vormistamine<\/strong><\/p>\n\n\n\n<ol class=\"wp-block-list\">\n<li>Lisage soovitud tooted ostukorvi.<\/li>\n\n\n\n<li>Minimaalne ostukorvi summa on 50\u20ac.<\/li>\n\n\n\n<li>Tellimuse vormistamiseks vajutage k\u00f5igepealt ostukorvis lingile \u201eMine maksma&#8221;.<\/li>\n\n\n\n<li>Kassa lehel t\u00e4itke n\u00f5utud andmev\u00e4ljad.<\/li>\n\n\n\n<li>Tutvuge <a href=\"https:\/\/antumois.ee\/pood\/transpordikaart\/\" data-type=\"URL\" data-id=\"https:\/\/antumois.ee\/pood\/transpordikaart\/\">tarnekaardiga<\/a>.<\/li>\n\n\n\n<li>Valige, kas soovite tellimusele ise j\u00e4rgi tulla v\u00f5i kasutada meie kulleri teenuseid.\n<ul class=\"wp-block-list\">\n<li>\u00c4ntu kaubabuss toob kauba Tallinna, Tartu ja nende l\u00e4hi\u00fcmbrusesse.<\/li>\n\n\n\n<li>Tarne toimub neljap\u00e4eval ja reedel, t\u00e4psem piirkonna info <a href=\"http:\/\/antumois.ee\/pood\">antumois.ee\/pood<\/a> avalehel.<\/li>\n\n\n\n<li>Samal n\u00e4dalal kauba k\u00e4ttesaamiseks tuleb tellimused teha hiljemalt teisip\u00e4eval kl 14 (kui tarnep\u00e4ev on neljap\u00e4ev) v\u00f5i kolmap\u00e4eval kl 14 (kui tarnep\u00e4ev on reede).<\/li>\n\n\n\n<li>Kuller toob kauba t\u00f6\u00f6p\u00e4eva jooksul kortermaja v\u00e4lisukse v\u00f5i eramaja v\u00e4ravani, andes sellest eelnevalt teada telefoni teel.<\/li>\n\n\n\n<li>Kauba v\u00e4ljastamine \u00c4ntus toimub reedeti kl 10-15.<\/li>\n<\/ul>\n<\/li>\n\n\n\n<li>Seej\u00e4rel kuvatakse ekraanile tasu suurus (eurodes), mille saab tasuda pangalingi kaudu.<\/li>\n<\/ol>\n\n\n\n<p><strong>M\u00fc\u00fcgilepingu j\u00f5ustumine<\/strong><\/p>\n\n\n\n<ol class=\"wp-block-list\">\n<li>Kauba m\u00fc\u00fcgilepinguga kohustub Veebipood andma Tarbijale \u00fcle olemasoleva, valmistatava v\u00f5i Veebipood poolt tulevikus omandatava Kauba ning tegema v\u00f5imalikuks omandi \u00fclemineku Tarbijale, Tarbija aga kohustub Veebipoele tasuma Kauba eest esitatud arvel n\u00e4idatud summa ja v\u00f5tma Kauba vastu.<\/li>\n\n\n\n<li>Tellimused, mille eest ei ole tasutud, annulleeritakse 20 p\u00e4eva m\u00f6\u00f6dudes alates tellimuse vormistamisest.<\/li>\n<\/ol>\n\n\n\n<p>M\u00fc\u00fcgileping j\u00f5ustub p\u00e4rast Tarbija tehtud makse laekumist Veebipoe pangakontole.<\/p>\n\n\n\n<p><strong>Kohaletoimetamine<\/strong><\/p>\n\n\n\n<ol class=\"wp-block-list\">\n<li>Kaupu saadetakse Tallinnasse, Tartusse ja nende l\u00e4hi\u00fcmbrusse.<\/li>\n\n\n\n<li>Kuller toob kauba tellija aadressile neljap\u00e4eval v\u00f5i reedel, t\u00e4psem piirkonna info <a href=\"http:\/\/antumois.ee\/pood\">antumois.ee\/pood<\/a> avalehel.<\/li>\n\n\n\n<li>Samal n\u00e4dalal kauba k\u00e4ttesaamiseks tuleb tellimused teha hiljemalt teisip\u00e4eval kl 14 v\u00f5i kolmap\u00e4eval kl 14.<\/li>\n\n\n\n<li>Viivitusteta kohale toimetamise eelduseks on tellimuse vormistamisel esitatud korrektsed andmed.<\/li>\n\n\n\n<li>Veebipood ei vastuta kauba kohaletoimetamise viibimise eest juhul, kui kaup on logistikapartneritele \u00fcle antud \u00f5igel ajal, kuid kohaletoimetamise viibimine on tingitud asjaoludest, mida Veebipood ei saanud m\u00f5jutada ega ette n\u00e4ha. Samuti ei vastuta veebipood kui kauba tellijaga ei ole v\u00f5imalik telefoni teel \u00fchendust saada. Samas teeb Veebipood k\u00f5ik endast oleneva, et tellimuse t\u00e4itmised saavad lahenduse.<\/li>\n<\/ol>\n\n\n\n<p><strong>Tagastamis\u00f5igus<\/strong><\/p>\n\n\n\n<p>Toiduainete kui kiiresti riknevate toodete puhul ei kehti seadusest tulenevalt 14-p\u00e4evane tagastamis\u00f5igus (V\u00d5S \u00a7 53 lg 4).<\/p>\n\n\n\n<p><strong>V\u00e4\u00e4ramatu j\u00f5ud<\/strong><\/p>\n\n\n\n<p>Veebipood ei vastuta Tellijale tekitatud kahjude v\u00f5i kauba kohaletoimetamise viibimise eest juhul, kui kahju v\u00f5i kauba kohaletoimetamise viibimine on tingitud asjaoludest, mida veebipood ei saanud m\u00f5jutada v\u00f5i ette n\u00e4ha.<\/p>\n\n\n\n<p><strong>Isikuandmete t\u00f6\u00f6tlemine<\/strong><\/p>\n\n\n\n<ol class=\"wp-block-list\">\n<li>Veebipood kasutab Tarbija poolt sisestatud isikuandmeid (sh nimi, telefoninumber, aadress, e-maili aadress, pangarekvisiidid) ainult tellimuse t\u00f6\u00f6tlemiseks ning kauba Tarbijale saatmiseks. Veebipood edastab isikuandmeid veoteenust pakkuvale ettev\u00f5tetele selleks, et kohale toimetada kaupa.<\/li>\n\n\n\n<li>Veebipood saadab Tarbijale uudiskirju ning pakkumisi Tarbija e-maili aadressile ainult juhul, kui Tarbija on selleks avaldanud soovi sisestades veebilehel e-kirja aadressi ning andnud teada oma soovist otsepostituse teadete saamiseks.<\/li>\n\n\n\n<li>Tarbijal on igal ajal v\u00f5imalik loobuda e-postile saadetavatest pakkumistest ja uudiskirjadest andes sellest meile teada e-kirja teel v\u00f5i j\u00e4rgides pakkumisi sisaldava e-kirjas toodud juhiseid.<\/li>\n<\/ol>\n\n\n\n<p><strong>Pretensioonide esitamise kord<\/strong><\/p>\n\n\n\n<ol class=\"wp-block-list\">\n<li>Kui Tarbija leiab, et ostetud toode ei vasta Veebipoe poolt kehtestatud tingimustele, tuleb Kaupmeest sellest kohe ja vahetult informeerida. Kui lahendust ei leita, tuleb juhtumi kohta esitada kirjalik pretensioon nii kiiresti kui v\u00f5imalik, aga hiljemalt 7 p\u00e4eva jooksul. Kirjalik pretensioon tuleb esitada Veebipoe vastu ja saata kas otse Veebipoe posti- v\u00f5i elektronposti aadressile. Pretensioonile tuleb lisada v\u00f5imalikud t\u00f5endid. T\u00e4htajaks esitamata pretensioon on aegunud.<\/li>\n\n\n\n<li>Veebipood vastab Tarbija pretensioonile 14 p\u00e4eva jooksul.<\/li>\n<\/ol>\n\n\n\n<p><strong>Tarbija \u00f5igus p\u00f6\u00f6rduda tarbijakaebuste komisjoni poole<\/strong><\/p>\n\n\n\n<p>Kui Veebipood on keeldunud Tarbija kaebust lahendamast v\u00f5i Tarbija ei ole n\u00f5us Veebipoe pakutud lahendusega ja leiab, et on rikutud tema \u00f5igusi v\u00f5i kahjustatud tema huve, v\u00f5ib Tarbija esitada kaebuse tarbijakaebuste komisjonile Tarbijakaitseameti kaudu v\u00f5i kohtule. Tarbija v\u00f5ib esitada kaebuse ise v\u00f5i esindaja kaudu. Tarbijakaitse komisjoni andmed on toodud <a href=\"https:\/\/www.ttja.ee\/\">Tarbijakaitseameti kodulehel<\/a>, Euroopa Liidu liikmesriikides tekkivate probleemide lahendamiseks p\u00f6\u00f6rduda <a href=\"https:\/\/consumer.ee\/\">Euroopa Liidu tarbijate N\u00f5ustamiskeskusse<\/a>.<\/p>\n","protected":false},"excerpt":{"rendered":"<p>M\u00dc\u00dcGITINGIMUSED Tellimistingimuste kehtivus Hinnainfo Tellimuse vormistamine M\u00fc\u00fcgilepingu j\u00f5ustumine M\u00fc\u00fcgileping j\u00f5ustub p\u00e4rast Tarbija tehtud makse laekumist Veebipoe pangakontole. Kohaletoimetamine Tagastamis\u00f5igus Toiduainete kui kiiresti riknevate toodete puhul ei kehti seadusest tulenevalt 14-p\u00e4evane tagastamis\u00f5igus (V\u00d5S \u00a7 53 lg 4). V\u00e4\u00e4ramatu j\u00f5ud Veebipood ei vastuta Tellijale tekitatud kahjude v\u00f5i kauba kohaletoimetamise viibimise eest juhul, kui kahju v\u00f5i kauba kohaletoimetamise [&#8230;]\n","protected":false},"author":4,"featured_media":0,"parent":0,"menu_order":0,"comment_status":"closed","ping_status":"closed","template":"","meta":{"footnotes":""},"class_list":["post-9","page","type-page","status-publish","hentry"],"yoast_head":"<!-- This site is optimized with the Yoast SEO plugin v26.9 - https:\/\/yoast.com\/product\/yoast-seo-wordpress\/ -->\n<title>M\u00fc\u00fcgitingimused - \u00c4ntu M\u00f5is e-pood<\/title>\n<meta name=\"robots\" content=\"index, follow, max-snippet:-1, max-image-preview:large, max-video-preview:-1\" \/>\n<link rel=\"canonical\" href=\"https:\/\/antumois.ee\/pood\/myygitingimused\/\" \/>\n<meta property=\"og:locale\" content=\"et_EE\" \/>\n<meta property=\"og:type\" content=\"article\" \/>\n<meta property=\"og:title\" content=\"M\u00fc\u00fcgitingimused - \u00c4ntu M\u00f5is e-pood\" \/>\n<meta property=\"og:description\" content=\"M\u00dc\u00dcGITINGIMUSED Tellimistingimuste kehtivus Hinnainfo Tellimuse vormistamine M\u00fc\u00fcgilepingu j\u00f5ustumine M\u00fc\u00fcgileping j\u00f5ustub p\u00e4rast Tarbija tehtud makse laekumist Veebipoe pangakontole. Kohaletoimetamine Tagastamis\u00f5igus Toiduainete kui kiiresti riknevate toodete puhul ei kehti seadusest tulenevalt 14-p\u00e4evane tagastamis\u00f5igus (V\u00d5S \u00a7 53 lg 4). V\u00e4\u00e4ramatu j\u00f5ud Veebipood ei vastuta Tellijale tekitatud kahjude v\u00f5i kauba kohaletoimetamise viibimise eest juhul, kui kahju v\u00f5i kauba kohaletoimetamise [...]\" \/>\n<meta property=\"og:url\" content=\"https:\/\/antumois.ee\/pood\/myygitingimused\/\" \/>\n<meta property=\"og:site_name\" content=\"\u00c4ntu M\u00f5is e-pood\" \/>\n<meta property=\"article:publisher\" content=\"https:\/\/www.facebook.com\/antumois.kikerikii\" \/>\n<meta property=\"article:modified_time\" content=\"2025-08-22T13:02:30+00:00\" \/>\n<meta name=\"twitter:card\" content=\"summary_large_image\" \/>\n<meta name=\"twitter:label1\" content=\"Est. reading time\" \/>\n\t<meta name=\"twitter:data1\" content=\"4 minutit\" \/>\n<script type=\"application\/ld+json\" class=\"yoast-schema-graph\">{\"@context\":\"https:\/\/schema.org\",\"@graph\":[{\"@type\":\"WebPage\",\"@id\":\"https:\/\/antumois.ee\/pood\/myygitingimused\/\",\"url\":\"https:\/\/antumois.ee\/pood\/myygitingimused\/\",\"name\":\"M\u00fc\u00fcgitingimused - \u00c4ntu M\u00f5is e-pood\",\"isPartOf\":{\"@id\":\"https:\/\/antumois.ee\/pood\/#website\"},\"datePublished\":\"2022-11-29T17:25:17+00:00\",\"dateModified\":\"2025-08-22T13:02:30+00:00\",\"breadcrumb\":{\"@id\":\"https:\/\/antumois.ee\/pood\/myygitingimused\/#breadcrumb\"},\"inLanguage\":\"et\",\"potentialAction\":[{\"@type\":\"ReadAction\",\"target\":[\"https:\/\/antumois.ee\/pood\/myygitingimused\/\"]}]},{\"@type\":\"BreadcrumbList\",\"@id\":\"https:\/\/antumois.ee\/pood\/myygitingimused\/#breadcrumb\",\"itemListElement\":[{\"@type\":\"ListItem\",\"position\":1,\"name\":\"Home\",\"item\":\"https:\/\/antumois.ee\/pood\/\"},{\"@type\":\"ListItem\",\"position\":2,\"name\":\"M\u00fc\u00fcgitingimused\"}]},{\"@type\":\"WebSite\",\"@id\":\"https:\/\/antumois.ee\/pood\/#website\",\"url\":\"https:\/\/antumois.ee\/pood\/\",\"name\":\"\u00c4ntu M\u00f5is e-pood\",\"description\":\"\u00c4ntu M\u00f5is e-pood\",\"publisher\":{\"@id\":\"https:\/\/antumois.ee\/pood\/#organization\"},\"potentialAction\":[{\"@type\":\"SearchAction\",\"target\":{\"@type\":\"EntryPoint\",\"urlTemplate\":\"https:\/\/antumois.ee\/pood\/?s={search_term_string}\"},\"query-input\":{\"@type\":\"PropertyValueSpecification\",\"valueRequired\":true,\"valueName\":\"search_term_string\"}}],\"inLanguage\":\"et\"},{\"@type\":\"Organization\",\"@id\":\"https:\/\/antumois.ee\/pood\/#organization\",\"name\":\"\u00c4ntu M\u00f5is e-pood\",\"url\":\"https:\/\/antumois.ee\/pood\/\",\"logo\":{\"@type\":\"ImageObject\",\"inLanguage\":\"et\",\"@id\":\"https:\/\/antumois.ee\/pood\/#\/schema\/logo\/image\/\",\"url\":\"https:\/\/antumois.ee\/pood\/wp-content\/uploads\/2022\/11\/Kikerikiiantu_logo.png\",\"contentUrl\":\"https:\/\/antumois.ee\/pood\/wp-content\/uploads\/2022\/11\/Kikerikiiantu_logo.png\",\"width\":266,\"height\":193,\"caption\":\"\u00c4ntu M\u00f5is e-pood\"},\"image\":{\"@id\":\"https:\/\/antumois.ee\/pood\/#\/schema\/logo\/image\/\"},\"sameAs\":[\"https:\/\/www.facebook.com\/antumois.kikerikii\",\"https:\/\/www.instagram.com\/antu.kikerikii\/\"]}]}<\/script>\n<!-- \/ Yoast SEO plugin. -->","yoast_head_json":{"title":"M\u00fc\u00fcgitingimused - \u00c4ntu M\u00f5is e-pood","robots":{"index":"index","follow":"follow","max-snippet":"max-snippet:-1","max-image-preview":"max-image-preview:large","max-video-preview":"max-video-preview:-1"},"canonical":"https:\/\/antumois.ee\/pood\/myygitingimused\/","og_locale":"et_EE","og_type":"article","og_title":"M\u00fc\u00fcgitingimused - \u00c4ntu M\u00f5is e-pood","og_description":"M\u00dc\u00dcGITINGIMUSED Tellimistingimuste kehtivus Hinnainfo Tellimuse vormistamine M\u00fc\u00fcgilepingu j\u00f5ustumine M\u00fc\u00fcgileping j\u00f5ustub p\u00e4rast Tarbija tehtud makse laekumist Veebipoe pangakontole. Kohaletoimetamine Tagastamis\u00f5igus Toiduainete kui kiiresti riknevate toodete puhul ei kehti seadusest tulenevalt 14-p\u00e4evane tagastamis\u00f5igus (V\u00d5S \u00a7 53 lg 4). V\u00e4\u00e4ramatu j\u00f5ud Veebipood ei vastuta Tellijale tekitatud kahjude v\u00f5i kauba kohaletoimetamise viibimise eest juhul, kui kahju v\u00f5i kauba kohaletoimetamise [...]","og_url":"https:\/\/antumois.ee\/pood\/myygitingimused\/","og_site_name":"\u00c4ntu M\u00f5is e-pood","article_publisher":"https:\/\/www.facebook.com\/antumois.kikerikii","article_modified_time":"2025-08-22T13:02:30+00:00","twitter_card":"summary_large_image","twitter_misc":{"Est. reading time":"4 minutit"},"schema":{"@context":"https:\/\/schema.org","@graph":[{"@type":"WebPage","@id":"https:\/\/antumois.ee\/pood\/myygitingimused\/","url":"https:\/\/antumois.ee\/pood\/myygitingimused\/","name":"M\u00fc\u00fcgitingimused - \u00c4ntu M\u00f5is e-pood","isPartOf":{"@id":"https:\/\/antumois.ee\/pood\/#website"},"datePublished":"2022-11-29T17:25:17+00:00","dateModified":"2025-08-22T13:02:30+00:00","breadcrumb":{"@id":"https:\/\/antumois.ee\/pood\/myygitingimused\/#breadcrumb"},"inLanguage":"et","potentialAction":[{"@type":"ReadAction","target":["https:\/\/antumois.ee\/pood\/myygitingimused\/"]}]},{"@type":"BreadcrumbList","@id":"https:\/\/antumois.ee\/pood\/myygitingimused\/#breadcrumb","itemListElement":[{"@type":"ListItem","position":1,"name":"Home","item":"https:\/\/antumois.ee\/pood\/"},{"@type":"ListItem","position":2,"name":"M\u00fc\u00fcgitingimused"}]},{"@type":"WebSite","@id":"https:\/\/antumois.ee\/pood\/#website","url":"https:\/\/antumois.ee\/pood\/","name":"\u00c4ntu M\u00f5is e-pood","description":"\u00c4ntu M\u00f5is e-pood","publisher":{"@id":"https:\/\/antumois.ee\/pood\/#organization"},"potentialAction":[{"@type":"SearchAction","target":{"@type":"EntryPoint","urlTemplate":"https:\/\/antumois.ee\/pood\/?s={search_term_string}"},"query-input":{"@type":"PropertyValueSpecification","valueRequired":true,"valueName":"search_term_string"}}],"inLanguage":"et"},{"@type":"Organization","@id":"https:\/\/antumois.ee\/pood\/#organization","name":"\u00c4ntu M\u00f5is e-pood","url":"https:\/\/antumois.ee\/pood\/","logo":{"@type":"ImageObject","inLanguage":"et","@id":"https:\/\/antumois.ee\/pood\/#\/schema\/logo\/image\/","url":"https:\/\/antumois.ee\/pood\/wp-content\/uploads\/2022\/11\/Kikerikiiantu_logo.png","contentUrl":"https:\/\/antumois.ee\/pood\/wp-content\/uploads\/2022\/11\/Kikerikiiantu_logo.png","width":266,"height":193,"caption":"\u00c4ntu M\u00f5is e-pood"},"image":{"@id":"https:\/\/antumois.ee\/pood\/#\/schema\/logo\/image\/"},"sameAs":["https:\/\/www.facebook.com\/antumois.kikerikii","https:\/\/www.instagram.com\/antu.kikerikii\/"]}]}},"jetpack_sharing_enabled":true,"_links":{"self":[{"href":"https:\/\/antumois.ee\/pood\/wp-json\/wp\/v2\/pages\/9","targetHints":{"allow":["GET"]}}],"collection":[{"href":"https:\/\/antumois.ee\/pood\/wp-json\/wp\/v2\/pages"}],"about":[{"href":"https:\/\/antumois.ee\/pood\/wp-json\/wp\/v2\/types\/page"}],"author":[{"embeddable":true,"href":"https:\/\/antumois.ee\/pood\/wp-json\/wp\/v2\/users\/4"}],"replies":[{"embeddable":true,"href":"https:\/\/antumois.ee\/pood\/wp-json\/wp\/v2\/comments?post=9"}],"version-history":[{"count":13,"href":"https:\/\/antumois.ee\/pood\/wp-json\/wp\/v2\/pages\/9\/revisions"}],"predecessor-version":[{"id":1628,"href":"https:\/\/antumois.ee\/pood\/wp-json\/wp\/v2\/pages\/9\/revisions\/1628"}],"wp:attachment":[{"href":"https:\/\/antumois.ee\/pood\/wp-json\/wp\/v2\/media?parent=9"}],"curies":[{"name":"wp","href":"https:\/\/api.w.org\/{rel}","templated":true}]}}