{"id":1315,"date":"2025-03-20T14:31:24","date_gmt":"2025-03-20T12:31:24","guid":{"rendered":"https:\/\/antumois.ee\/pood\/?post_type=product&#038;p=1315"},"modified":"2026-02-17T09:51:12","modified_gmt":"2026-02-17T07:51:12","slug":"antu-gurmee-mahekana-puljong-500-ml","status":"publish","type":"product","link":"https:\/\/antumois.ee\/pood\/product\/antu-gurmee-mahekana-puljong-500-ml\/","title":{"rendered":"\u00c4ntu Gurmee mahekana puljong 500 ml"},"content":{"rendered":"<div class=\"fusion-text fusion-text-11\">\n<p><span data-contrast=\"auto\"><img loading=\"lazy\" decoding=\"async\" class=\"alignleft wp-image-1911 \" src=\"https:\/\/antumois.ee\/pood\/wp-content\/uploads\/2025\/03\/parim-mahetoit-vaike-280x280.png\" alt=\"\" width=\"162\" height=\"162\" srcset=\"https:\/\/antumois.ee\/pood\/wp-content\/uploads\/2025\/03\/parim-mahetoit-vaike-280x280.png 280w, https:\/\/antumois.ee\/pood\/wp-content\/uploads\/2025\/03\/parim-mahetoit-vaike-400x400.png 400w, https:\/\/antumois.ee\/pood\/wp-content\/uploads\/2025\/03\/parim-mahetoit-vaike-100x100.png 100w, https:\/\/antumois.ee\/pood\/wp-content\/uploads\/2025\/03\/parim-mahetoit-vaike.png 500w\" sizes=\"auto, (max-width: 162px) 100vw, 162px\" \/>\u00c4ntu Gurmee mahepuljongid on valminud armastusest puhta toidu vastu. Valime hoolikalt vaid k\u00f5ige parema kvaliteediga tooraineid, mis on kasvanud loodusl\u00e4hedaselt ja ilma kunstlike lisaaineteta.<\/span><span data-ccp-props=\"{}\">\u00a0<\/span><\/p>\n<p><span data-contrast=\"auto\">Tulemuseks on su\u0308gava ja rikkaliku maitsega puljong, mis pakatab loomulikust tervisest.<\/span><span data-ccp-props=\"{}\">\u00a0<\/span><span data-contrast=\"auto\">Olgu see siis alus suppidele, kastmetele v\u00f5i lihtsalt soojendav jook, \u00c4ntu Gurmee<\/span><span data-ccp-props=\"{}\">\u00a0<\/span><span data-contrast=\"auto\">puljong lisab igale toidule iseloomu.<\/span><span data-ccp-props=\"{}\">\u00a0<\/span><\/p>\n<p><strong>\u00c4ntu Gurmee mahekana puljong on Parim Mahetoit 2025.<\/strong><\/p>\n<\/div>\n","protected":false},"excerpt":{"rendered":"<div class=\"fusion-text fusion-text-11\">\n<p>8.30 \u20ac\/l<\/p>\n<div>\n<p><strong>\u00c4ntu Gurmee mahekana puljong 500 ml<\/strong><\/p>\n<p><strong>PARIM MAHETOIT 2025<\/strong><\/p>\n<p>Koostisosad: vesi, kana-broilerikondid*, seller*, mugulsibul*, porgand*, meresool, maitsetaimed*, v\u00fcrtsid*.<br \/>\n* Kontrollitud mahep\u00f5llumajandusest.<\/p>\n<p>100 g toodet sisaldab keskmiselt: energiasisaldus 248 kJ \/ 60 kcal, rasvad 2,9 g, millest k\u00fcllastunud rasvhappeid 0,7 g, s\u00fcsivesikud 2,3 g, millest suhkrud 1,7 g, valgud 5,7 g, sool 0,7 g.<\/p>\n<p>S\u00e4ilitada temperatuuril: +2&#8230;+6 \u00b0C.<br \/>\nAvatud pakendis tarvitada 48 h jooksul<\/p>\n<\/div>\n<\/div>\n","protected":false},"featured_media":2023,"template":"","meta":[],"product_brand":[51],"product_cat":[40],"product_tag":[],"class_list":{"0":"post-1315","1":"product","2":"type-product","3":"status-publish","4":"has-post-thumbnail","6":"product_brand-antu-gurmee","7":"product_cat-antu-gurmee-valmistooted","9":"first","10":"instock","11":"taxable","12":"shipping-taxable","13":"purchasable","14":"product-type-simple"},"yoast_head":"<!-- This site is optimized with the Yoast SEO plugin v26.9 - https:\/\/yoast.com\/product\/yoast-seo-wordpress\/ -->\n<title>\u00c4ntu Gurmee mahekana puljong 500 ml - \u00c4ntu M\u00f5is e-pood<\/title>\n<meta name=\"description\" content=\"S\u00fcgava ja rikkaliku maitsega puljong, mis pakatab loomulikust tervisest.\u00a0\u00c4ntu Gurmee mahekana puljong on PARIM MAHETOIT 2025.\" \/>\n<meta name=\"robots\" content=\"index, follow, max-snippet:-1, max-image-preview:large, max-video-preview:-1\" \/>\n<link rel=\"canonical\" href=\"https:\/\/antumois.ee\/pood\/product\/antu-gurmee-mahekana-puljong-500-ml\/\" \/>\n<meta property=\"og:locale\" content=\"et_EE\" \/>\n<meta property=\"og:type\" content=\"article\" \/>\n<meta property=\"og:title\" content=\"\u00c4ntu Gurmee mahekana puljong 500 ml - \u00c4ntu M\u00f5is e-pood\" \/>\n<meta property=\"og:description\" content=\"S\u00fcgava ja rikkaliku maitsega puljong, mis pakatab loomulikust tervisest.\u00a0\u00c4ntu Gurmee mahekana puljong on PARIM MAHETOIT 2025.\" \/>\n<meta property=\"og:url\" content=\"https:\/\/antumois.ee\/pood\/product\/antu-gurmee-mahekana-puljong-500-ml\/\" \/>\n<meta property=\"og:site_name\" content=\"\u00c4ntu M\u00f5is e-pood\" \/>\n<meta property=\"article:publisher\" content=\"https:\/\/www.facebook.com\/antumois.kikerikii\" \/>\n<meta property=\"article:modified_time\" content=\"2026-02-17T07:51:12+00:00\" \/>\n<meta property=\"og:image\" content=\"https:\/\/antumois.ee\/pood\/wp-content\/uploads\/2025\/03\/Antu-Gurmee-mahekana-puljong-500ml-PARIM-MAHETOIT-2025.png\" \/>\n\t<meta property=\"og:image:width\" content=\"2000\" \/>\n\t<meta property=\"og:image:height\" content=\"2000\" \/>\n\t<meta property=\"og:image:type\" content=\"image\/png\" \/>\n<meta name=\"twitter:card\" content=\"summary_large_image\" \/>\n<meta name=\"twitter:label1\" content=\"Est. reading time\" \/>\n\t<meta name=\"twitter:data1\" content=\"1 minut\" \/>\n<script type=\"application\/ld+json\" class=\"yoast-schema-graph\">{\"@context\":\"https:\/\/schema.org\",\"@graph\":[{\"@type\":\"WebPage\",\"@id\":\"https:\/\/antumois.ee\/pood\/product\/antu-gurmee-mahekana-puljong-500-ml\/\",\"url\":\"https:\/\/antumois.ee\/pood\/product\/antu-gurmee-mahekana-puljong-500-ml\/\",\"name\":\"\u00c4ntu Gurmee mahekana puljong 500 ml - \u00c4ntu M\u00f5is e-pood\",\"isPartOf\":{\"@id\":\"https:\/\/antumois.ee\/pood\/#website\"},\"primaryImageOfPage\":{\"@id\":\"https:\/\/antumois.ee\/pood\/product\/antu-gurmee-mahekana-puljong-500-ml\/#primaryimage\"},\"image\":{\"@id\":\"https:\/\/antumois.ee\/pood\/product\/antu-gurmee-mahekana-puljong-500-ml\/#primaryimage\"},\"thumbnailUrl\":\"https:\/\/antumois.ee\/pood\/wp-content\/uploads\/2025\/03\/Antu-Gurmee-mahekana-puljong-500ml-PARIM-MAHETOIT-2025.png\",\"datePublished\":\"2025-03-20T12:31:24+00:00\",\"dateModified\":\"2026-02-17T07:51:12+00:00\",\"description\":\"S\u00fcgava ja rikkaliku maitsega puljong, mis pakatab loomulikust tervisest.\u00a0\u00c4ntu Gurmee mahekana puljong on PARIM MAHETOIT 2025.\",\"breadcrumb\":{\"@id\":\"https:\/\/antumois.ee\/pood\/product\/antu-gurmee-mahekana-puljong-500-ml\/#breadcrumb\"},\"inLanguage\":\"et\",\"potentialAction\":[{\"@type\":\"ReadAction\",\"target\":[\"https:\/\/antumois.ee\/pood\/product\/antu-gurmee-mahekana-puljong-500-ml\/\"]}]},{\"@type\":\"ImageObject\",\"inLanguage\":\"et\",\"@id\":\"https:\/\/antumois.ee\/pood\/product\/antu-gurmee-mahekana-puljong-500-ml\/#primaryimage\",\"url\":\"https:\/\/antumois.ee\/pood\/wp-content\/uploads\/2025\/03\/Antu-Gurmee-mahekana-puljong-500ml-PARIM-MAHETOIT-2025.png\",\"contentUrl\":\"https:\/\/antumois.ee\/pood\/wp-content\/uploads\/2025\/03\/Antu-Gurmee-mahekana-puljong-500ml-PARIM-MAHETOIT-2025.png\",\"width\":2000,\"height\":2000},{\"@type\":\"BreadcrumbList\",\"@id\":\"https:\/\/antumois.ee\/pood\/product\/antu-gurmee-mahekana-puljong-500-ml\/#breadcrumb\",\"itemListElement\":[{\"@type\":\"ListItem\",\"position\":1,\"name\":\"Home\",\"item\":\"https:\/\/antumois.ee\/pood\/\"},{\"@type\":\"ListItem\",\"position\":2,\"name\":\"Shop\",\"item\":\"https:\/\/antumois.ee\/pood\/\"},{\"@type\":\"ListItem\",\"position\":3,\"name\":\"\u00c4ntu Gurmee mahekana puljong 500 ml\"}]},{\"@type\":\"WebSite\",\"@id\":\"https:\/\/antumois.ee\/pood\/#website\",\"url\":\"https:\/\/antumois.ee\/pood\/\",\"name\":\"\u00c4ntu M\u00f5is e-pood\",\"description\":\"\u00c4ntu M\u00f5is e-pood\",\"publisher\":{\"@id\":\"https:\/\/antumois.ee\/pood\/#organization\"},\"potentialAction\":[{\"@type\":\"SearchAction\",\"target\":{\"@type\":\"EntryPoint\",\"urlTemplate\":\"https:\/\/antumois.ee\/pood\/?s={search_term_string}\"},\"query-input\":{\"@type\":\"PropertyValueSpecification\",\"valueRequired\":true,\"valueName\":\"search_term_string\"}}],\"inLanguage\":\"et\"},{\"@type\":\"Organization\",\"@id\":\"https:\/\/antumois.ee\/pood\/#organization\",\"name\":\"\u00c4ntu M\u00f5is e-pood\",\"url\":\"https:\/\/antumois.ee\/pood\/\",\"logo\":{\"@type\":\"ImageObject\",\"inLanguage\":\"et\",\"@id\":\"https:\/\/antumois.ee\/pood\/#\/schema\/logo\/image\/\",\"url\":\"https:\/\/antumois.ee\/pood\/wp-content\/uploads\/2022\/11\/Kikerikiiantu_logo.png\",\"contentUrl\":\"https:\/\/antumois.ee\/pood\/wp-content\/uploads\/2022\/11\/Kikerikiiantu_logo.png\",\"width\":266,\"height\":193,\"caption\":\"\u00c4ntu M\u00f5is e-pood\"},\"image\":{\"@id\":\"https:\/\/antumois.ee\/pood\/#\/schema\/logo\/image\/\"},\"sameAs\":[\"https:\/\/www.facebook.com\/antumois.kikerikii\",\"https:\/\/www.instagram.com\/antu.kikerikii\/\"]}]}<\/script>\n<!-- \/ Yoast SEO plugin. -->","yoast_head_json":{"title":"\u00c4ntu Gurmee mahekana puljong 500 ml - \u00c4ntu M\u00f5is e-pood","description":"S\u00fcgava ja rikkaliku maitsega puljong, mis pakatab loomulikust tervisest.\u00a0\u00c4ntu Gurmee mahekana puljong on PARIM MAHETOIT 2025.","robots":{"index":"index","follow":"follow","max-snippet":"max-snippet:-1","max-image-preview":"max-image-preview:large","max-video-preview":"max-video-preview:-1"},"canonical":"https:\/\/antumois.ee\/pood\/product\/antu-gurmee-mahekana-puljong-500-ml\/","og_locale":"et_EE","og_type":"article","og_title":"\u00c4ntu Gurmee mahekana puljong 500 ml - \u00c4ntu M\u00f5is e-pood","og_description":"S\u00fcgava ja rikkaliku maitsega puljong, mis pakatab loomulikust tervisest.\u00a0\u00c4ntu Gurmee mahekana puljong on PARIM MAHETOIT 2025.","og_url":"https:\/\/antumois.ee\/pood\/product\/antu-gurmee-mahekana-puljong-500-ml\/","og_site_name":"\u00c4ntu M\u00f5is e-pood","article_publisher":"https:\/\/www.facebook.com\/antumois.kikerikii","article_modified_time":"2026-02-17T07:51:12+00:00","og_image":[{"width":2000,"height":2000,"url":"https:\/\/antumois.ee\/pood\/wp-content\/uploads\/2025\/03\/Antu-Gurmee-mahekana-puljong-500ml-PARIM-MAHETOIT-2025.png","type":"image\/png"}],"twitter_card":"summary_large_image","twitter_misc":{"Est. reading time":"1 minut"},"schema":{"@context":"https:\/\/schema.org","@graph":[{"@type":"WebPage","@id":"https:\/\/antumois.ee\/pood\/product\/antu-gurmee-mahekana-puljong-500-ml\/","url":"https:\/\/antumois.ee\/pood\/product\/antu-gurmee-mahekana-puljong-500-ml\/","name":"\u00c4ntu Gurmee mahekana puljong 500 ml - \u00c4ntu M\u00f5is e-pood","isPartOf":{"@id":"https:\/\/antumois.ee\/pood\/#website"},"primaryImageOfPage":{"@id":"https:\/\/antumois.ee\/pood\/product\/antu-gurmee-mahekana-puljong-500-ml\/#primaryimage"},"image":{"@id":"https:\/\/antumois.ee\/pood\/product\/antu-gurmee-mahekana-puljong-500-ml\/#primaryimage"},"thumbnailUrl":"https:\/\/antumois.ee\/pood\/wp-content\/uploads\/2025\/03\/Antu-Gurmee-mahekana-puljong-500ml-PARIM-MAHETOIT-2025.png","datePublished":"2025-03-20T12:31:24+00:00","dateModified":"2026-02-17T07:51:12+00:00","description":"S\u00fcgava ja rikkaliku maitsega puljong, mis pakatab loomulikust tervisest.\u00a0\u00c4ntu Gurmee mahekana puljong on PARIM MAHETOIT 2025.","breadcrumb":{"@id":"https:\/\/antumois.ee\/pood\/product\/antu-gurmee-mahekana-puljong-500-ml\/#breadcrumb"},"inLanguage":"et","potentialAction":[{"@type":"ReadAction","target":["https:\/\/antumois.ee\/pood\/product\/antu-gurmee-mahekana-puljong-500-ml\/"]}]},{"@type":"ImageObject","inLanguage":"et","@id":"https:\/\/antumois.ee\/pood\/product\/antu-gurmee-mahekana-puljong-500-ml\/#primaryimage","url":"https:\/\/antumois.ee\/pood\/wp-content\/uploads\/2025\/03\/Antu-Gurmee-mahekana-puljong-500ml-PARIM-MAHETOIT-2025.png","contentUrl":"https:\/\/antumois.ee\/pood\/wp-content\/uploads\/2025\/03\/Antu-Gurmee-mahekana-puljong-500ml-PARIM-MAHETOIT-2025.png","width":2000,"height":2000},{"@type":"BreadcrumbList","@id":"https:\/\/antumois.ee\/pood\/product\/antu-gurmee-mahekana-puljong-500-ml\/#breadcrumb","itemListElement":[{"@type":"ListItem","position":1,"name":"Home","item":"https:\/\/antumois.ee\/pood\/"},{"@type":"ListItem","position":2,"name":"Shop","item":"https:\/\/antumois.ee\/pood\/"},{"@type":"ListItem","position":3,"name":"\u00c4ntu Gurmee mahekana puljong 500 ml"}]},{"@type":"WebSite","@id":"https:\/\/antumois.ee\/pood\/#website","url":"https:\/\/antumois.ee\/pood\/","name":"\u00c4ntu M\u00f5is e-pood","description":"\u00c4ntu M\u00f5is e-pood","publisher":{"@id":"https:\/\/antumois.ee\/pood\/#organization"},"potentialAction":[{"@type":"SearchAction","target":{"@type":"EntryPoint","urlTemplate":"https:\/\/antumois.ee\/pood\/?s={search_term_string}"},"query-input":{"@type":"PropertyValueSpecification","valueRequired":true,"valueName":"search_term_string"}}],"inLanguage":"et"},{"@type":"Organization","@id":"https:\/\/antumois.ee\/pood\/#organization","name":"\u00c4ntu M\u00f5is e-pood","url":"https:\/\/antumois.ee\/pood\/","logo":{"@type":"ImageObject","inLanguage":"et","@id":"https:\/\/antumois.ee\/pood\/#\/schema\/logo\/image\/","url":"https:\/\/antumois.ee\/pood\/wp-content\/uploads\/2022\/11\/Kikerikiiantu_logo.png","contentUrl":"https:\/\/antumois.ee\/pood\/wp-content\/uploads\/2022\/11\/Kikerikiiantu_logo.png","width":266,"height":193,"caption":"\u00c4ntu M\u00f5is e-pood"},"image":{"@id":"https:\/\/antumois.ee\/pood\/#\/schema\/logo\/image\/"},"sameAs":["https:\/\/www.facebook.com\/antumois.kikerikii","https:\/\/www.instagram.com\/antu.kikerikii\/"]}]}},"jetpack_sharing_enabled":true,"_links":{"self":[{"href":"https:\/\/antumois.ee\/pood\/wp-json\/wp\/v2\/product\/1315","targetHints":{"allow":["GET"]}}],"collection":[{"href":"https:\/\/antumois.ee\/pood\/wp-json\/wp\/v2\/product"}],"about":[{"href":"https:\/\/antumois.ee\/pood\/wp-json\/wp\/v2\/types\/product"}],"wp:featuredmedia":[{"embeddable":true,"href":"https:\/\/antumois.ee\/pood\/wp-json\/wp\/v2\/media\/2023"}],"wp:attachment":[{"href":"https:\/\/antumois.ee\/pood\/wp-json\/wp\/v2\/media?parent=1315"}],"wp:term":[{"taxonomy":"product_brand","embeddable":true,"href":"https:\/\/antumois.ee\/pood\/wp-json\/wp\/v2\/product_brand?post=1315"},{"taxonomy":"product_cat","embeddable":true,"href":"https:\/\/antumois.ee\/pood\/wp-json\/wp\/v2\/product_cat?post=1315"},{"taxonomy":"product_tag","embeddable":true,"href":"https:\/\/antumois.ee\/pood\/wp-json\/wp\/v2\/product_tag?post=1315"}],"curies":[{"name":"wp","href":"https:\/\/api.w.org\/{rel}","templated":true}]}}