{"id":167,"date":"2023-01-10T14:22:23","date_gmt":"2023-01-10T12:22:23","guid":{"rendered":"https:\/\/antumois.ee\/pood\/?post_type=product&#038;p=167"},"modified":"2026-01-28T13:18:30","modified_gmt":"2026-01-28T11:18:30","slug":"kikerikii-mahebroileri-koib-kulmutatud","status":"publish","type":"product","link":"https:\/\/antumois.ee\/pood\/product\/kikerikii-mahebroileri-koib-kulmutatud\/","title":{"rendered":"Kikerikii mahebroileri koib ~350 g (k\u00fclmutatud)"},"content":{"rendered":"<p><strong>\u00c4ntu M\u00f5is \u2013 Aasta Mahetootja 2025<\/strong><\/p>\n<p><em>Mahe ja eestimaine<\/em> \u2013 Meie mahebroilerid kasvavad \u00c4ntu mahesertifikaadiga kanalates.<br \/>\n<em>Rohkem ruumi kanadele\u00a0<\/em>\u2013 Mahekanad saavad vabalt ringi toimetada ning nautida v\u00e4rsket \u00f5hku ja loomulikku valgust.<br \/>\n<em>Puhas ja kvaliteetne s\u00f6\u00f6t<\/em> \u2013 Looduslik s\u00f6\u00f6t ja rahulik kasv tagavad liha parema maitse ja m\u00f5nusa tekstuuri.<br \/>\n<em>Hea valik nii Sulle kui loodusele<\/em> \u2013 Mahep\u00f5llumajandus toetab keskkonda ja hoiab meie toidu puhtana.<\/p>\n","protected":false},"excerpt":{"rendered":"<div class=\"fusion-fullwidth fullwidth-box fusion-builder-row-4 fusion-flex-container hundred-percent-fullwidth non-hundred-percent-height-scrolling\">\n<div class=\"fusion-builder-row fusion-row fusion-flex-align-items-flex-start\">\n<div class=\"fusion-layout-column fusion_builder_column fusion-builder-column-8 fusion_builder_column_1_2 1_2 fusion-flex-column\">\n<div class=\"fusion-column-wrapper fusion-flex-justify-content-flex-start fusion-content-layout-column\">\n<div class=\"fusion-text fusion-text-10\">\n<p>15,99 \u20ac\/kg<\/p>\n<p>Mahebroiler on 100% kodumaine toodang. S\u00fcgavk\u00fclmutatud<\/p>\n<\/div>\n<div class=\"fusion-text fusion-text-11\">\n<p>Kasvatatud: Eesti<br \/>\nTapetud: Eesti<\/p>\n<p>Valmistamine:<br \/>\nEnne tarvitamist sulatada ja kuumt\u00f6\u00f6delda v\u00e4hemalt sisetemperatuurini +75 \u00baC.<br \/>\nS\u00e4ilitada temperatuuril -18 \u02daC.<\/p>\n<\/div>\n<\/div>\n<\/div>\n<\/div>\n<\/div>\n","protected":false},"featured_media":1221,"template":"","meta":[],"product_brand":[50],"product_cat":[19],"product_tag":[],"class_list":{"0":"post-167","1":"product","2":"type-product","3":"status-publish","4":"has-post-thumbnail","6":"product_brand-kikerikii","7":"product_cat-mahebroiler-kulmutatud","9":"first","10":"instock","11":"taxable","12":"shipping-taxable","13":"purchasable","14":"product-type-simple"},"yoast_head":"<!-- This site is optimized with the Yoast SEO plugin v26.9 - https:\/\/yoast.com\/product\/yoast-seo-wordpress\/ -->\n<title>Kikerikii mahebroileri koib ~350 g (k\u00fclmutatud) - \u00c4ntu M\u00f5is e-pood<\/title>\n<meta name=\"description\" content=\"Mahebroiler on 100% kodumaine toodang. S\u00fcgavk\u00fclmutatud.\" \/>\n<meta name=\"robots\" content=\"index, follow, max-snippet:-1, max-image-preview:large, max-video-preview:-1\" \/>\n<link rel=\"canonical\" href=\"https:\/\/antumois.ee\/pood\/product\/kikerikii-mahebroileri-koib-kulmutatud\/\" \/>\n<meta property=\"og:locale\" content=\"et_EE\" \/>\n<meta property=\"og:type\" content=\"article\" \/>\n<meta property=\"og:title\" content=\"Kikerikii mahebroileri koib ~350 g (k\u00fclmutatud) - \u00c4ntu M\u00f5is e-pood\" \/>\n<meta property=\"og:description\" content=\"Mahebroiler on 100% kodumaine toodang. S\u00fcgavk\u00fclmutatud.\" \/>\n<meta property=\"og:url\" content=\"https:\/\/antumois.ee\/pood\/product\/kikerikii-mahebroileri-koib-kulmutatud\/\" \/>\n<meta property=\"og:site_name\" content=\"\u00c4ntu M\u00f5is e-pood\" \/>\n<meta property=\"article:publisher\" content=\"https:\/\/www.facebook.com\/antumois.kikerikii\" \/>\n<meta property=\"article:modified_time\" content=\"2026-01-28T11:18:30+00:00\" \/>\n<meta property=\"og:image\" content=\"https:\/\/antumois.ee\/pood\/wp-content\/uploads\/2023\/01\/Kikerikii-mahebroileri-koib-kylmutatud.png\" \/>\n\t<meta property=\"og:image:width\" content=\"2000\" \/>\n\t<meta property=\"og:image:height\" content=\"2000\" \/>\n\t<meta property=\"og:image:type\" content=\"image\/png\" \/>\n<meta name=\"twitter:card\" content=\"summary_large_image\" \/>\n<meta name=\"twitter:label1\" content=\"Est. reading time\" \/>\n\t<meta name=\"twitter:data1\" content=\"1 minut\" \/>\n<script type=\"application\/ld+json\" class=\"yoast-schema-graph\">{\"@context\":\"https:\/\/schema.org\",\"@graph\":[{\"@type\":\"WebPage\",\"@id\":\"https:\/\/antumois.ee\/pood\/product\/kikerikii-mahebroileri-koib-kulmutatud\/\",\"url\":\"https:\/\/antumois.ee\/pood\/product\/kikerikii-mahebroileri-koib-kulmutatud\/\",\"name\":\"Kikerikii mahebroileri koib ~350 g (k\u00fclmutatud) - \u00c4ntu M\u00f5is e-pood\",\"isPartOf\":{\"@id\":\"https:\/\/antumois.ee\/pood\/#website\"},\"primaryImageOfPage\":{\"@id\":\"https:\/\/antumois.ee\/pood\/product\/kikerikii-mahebroileri-koib-kulmutatud\/#primaryimage\"},\"image\":{\"@id\":\"https:\/\/antumois.ee\/pood\/product\/kikerikii-mahebroileri-koib-kulmutatud\/#primaryimage\"},\"thumbnailUrl\":\"https:\/\/antumois.ee\/pood\/wp-content\/uploads\/2023\/01\/Kikerikii-mahebroileri-koib-kylmutatud.png\",\"datePublished\":\"2023-01-10T12:22:23+00:00\",\"dateModified\":\"2026-01-28T11:18:30+00:00\",\"description\":\"Mahebroiler on 100% kodumaine toodang. S\u00fcgavk\u00fclmutatud.\",\"breadcrumb\":{\"@id\":\"https:\/\/antumois.ee\/pood\/product\/kikerikii-mahebroileri-koib-kulmutatud\/#breadcrumb\"},\"inLanguage\":\"et\",\"potentialAction\":[{\"@type\":\"ReadAction\",\"target\":[\"https:\/\/antumois.ee\/pood\/product\/kikerikii-mahebroileri-koib-kulmutatud\/\"]}]},{\"@type\":\"ImageObject\",\"inLanguage\":\"et\",\"@id\":\"https:\/\/antumois.ee\/pood\/product\/kikerikii-mahebroileri-koib-kulmutatud\/#primaryimage\",\"url\":\"https:\/\/antumois.ee\/pood\/wp-content\/uploads\/2023\/01\/Kikerikii-mahebroileri-koib-kylmutatud.png\",\"contentUrl\":\"https:\/\/antumois.ee\/pood\/wp-content\/uploads\/2023\/01\/Kikerikii-mahebroileri-koib-kylmutatud.png\",\"width\":2000,\"height\":2000},{\"@type\":\"BreadcrumbList\",\"@id\":\"https:\/\/antumois.ee\/pood\/product\/kikerikii-mahebroileri-koib-kulmutatud\/#breadcrumb\",\"itemListElement\":[{\"@type\":\"ListItem\",\"position\":1,\"name\":\"Home\",\"item\":\"https:\/\/antumois.ee\/pood\/\"},{\"@type\":\"ListItem\",\"position\":2,\"name\":\"Shop\",\"item\":\"https:\/\/antumois.ee\/pood\/\"},{\"@type\":\"ListItem\",\"position\":3,\"name\":\"Kikerikii mahebroileri koib ~350 g (k\u00fclmutatud)\"}]},{\"@type\":\"WebSite\",\"@id\":\"https:\/\/antumois.ee\/pood\/#website\",\"url\":\"https:\/\/antumois.ee\/pood\/\",\"name\":\"\u00c4ntu M\u00f5is e-pood\",\"description\":\"\u00c4ntu M\u00f5is e-pood\",\"publisher\":{\"@id\":\"https:\/\/antumois.ee\/pood\/#organization\"},\"potentialAction\":[{\"@type\":\"SearchAction\",\"target\":{\"@type\":\"EntryPoint\",\"urlTemplate\":\"https:\/\/antumois.ee\/pood\/?s={search_term_string}\"},\"query-input\":{\"@type\":\"PropertyValueSpecification\",\"valueRequired\":true,\"valueName\":\"search_term_string\"}}],\"inLanguage\":\"et\"},{\"@type\":\"Organization\",\"@id\":\"https:\/\/antumois.ee\/pood\/#organization\",\"name\":\"\u00c4ntu M\u00f5is e-pood\",\"url\":\"https:\/\/antumois.ee\/pood\/\",\"logo\":{\"@type\":\"ImageObject\",\"inLanguage\":\"et\",\"@id\":\"https:\/\/antumois.ee\/pood\/#\/schema\/logo\/image\/\",\"url\":\"https:\/\/antumois.ee\/pood\/wp-content\/uploads\/2022\/11\/Kikerikiiantu_logo.png\",\"contentUrl\":\"https:\/\/antumois.ee\/pood\/wp-content\/uploads\/2022\/11\/Kikerikiiantu_logo.png\",\"width\":266,\"height\":193,\"caption\":\"\u00c4ntu M\u00f5is e-pood\"},\"image\":{\"@id\":\"https:\/\/antumois.ee\/pood\/#\/schema\/logo\/image\/\"},\"sameAs\":[\"https:\/\/www.facebook.com\/antumois.kikerikii\",\"https:\/\/www.instagram.com\/antu.kikerikii\/\"]}]}<\/script>\n<!-- \/ Yoast SEO plugin. -->","yoast_head_json":{"title":"Kikerikii mahebroileri koib ~350 g (k\u00fclmutatud) - \u00c4ntu M\u00f5is e-pood","description":"Mahebroiler on 100% kodumaine toodang. S\u00fcgavk\u00fclmutatud.","robots":{"index":"index","follow":"follow","max-snippet":"max-snippet:-1","max-image-preview":"max-image-preview:large","max-video-preview":"max-video-preview:-1"},"canonical":"https:\/\/antumois.ee\/pood\/product\/kikerikii-mahebroileri-koib-kulmutatud\/","og_locale":"et_EE","og_type":"article","og_title":"Kikerikii mahebroileri koib ~350 g (k\u00fclmutatud) - \u00c4ntu M\u00f5is e-pood","og_description":"Mahebroiler on 100% kodumaine toodang. S\u00fcgavk\u00fclmutatud.","og_url":"https:\/\/antumois.ee\/pood\/product\/kikerikii-mahebroileri-koib-kulmutatud\/","og_site_name":"\u00c4ntu M\u00f5is e-pood","article_publisher":"https:\/\/www.facebook.com\/antumois.kikerikii","article_modified_time":"2026-01-28T11:18:30+00:00","og_image":[{"width":2000,"height":2000,"url":"https:\/\/antumois.ee\/pood\/wp-content\/uploads\/2023\/01\/Kikerikii-mahebroileri-koib-kylmutatud.png","type":"image\/png"}],"twitter_card":"summary_large_image","twitter_misc":{"Est. reading time":"1 minut"},"schema":{"@context":"https:\/\/schema.org","@graph":[{"@type":"WebPage","@id":"https:\/\/antumois.ee\/pood\/product\/kikerikii-mahebroileri-koib-kulmutatud\/","url":"https:\/\/antumois.ee\/pood\/product\/kikerikii-mahebroileri-koib-kulmutatud\/","name":"Kikerikii mahebroileri koib ~350 g (k\u00fclmutatud) - \u00c4ntu M\u00f5is e-pood","isPartOf":{"@id":"https:\/\/antumois.ee\/pood\/#website"},"primaryImageOfPage":{"@id":"https:\/\/antumois.ee\/pood\/product\/kikerikii-mahebroileri-koib-kulmutatud\/#primaryimage"},"image":{"@id":"https:\/\/antumois.ee\/pood\/product\/kikerikii-mahebroileri-koib-kulmutatud\/#primaryimage"},"thumbnailUrl":"https:\/\/antumois.ee\/pood\/wp-content\/uploads\/2023\/01\/Kikerikii-mahebroileri-koib-kylmutatud.png","datePublished":"2023-01-10T12:22:23+00:00","dateModified":"2026-01-28T11:18:30+00:00","description":"Mahebroiler on 100% kodumaine toodang. S\u00fcgavk\u00fclmutatud.","breadcrumb":{"@id":"https:\/\/antumois.ee\/pood\/product\/kikerikii-mahebroileri-koib-kulmutatud\/#breadcrumb"},"inLanguage":"et","potentialAction":[{"@type":"ReadAction","target":["https:\/\/antumois.ee\/pood\/product\/kikerikii-mahebroileri-koib-kulmutatud\/"]}]},{"@type":"ImageObject","inLanguage":"et","@id":"https:\/\/antumois.ee\/pood\/product\/kikerikii-mahebroileri-koib-kulmutatud\/#primaryimage","url":"https:\/\/antumois.ee\/pood\/wp-content\/uploads\/2023\/01\/Kikerikii-mahebroileri-koib-kylmutatud.png","contentUrl":"https:\/\/antumois.ee\/pood\/wp-content\/uploads\/2023\/01\/Kikerikii-mahebroileri-koib-kylmutatud.png","width":2000,"height":2000},{"@type":"BreadcrumbList","@id":"https:\/\/antumois.ee\/pood\/product\/kikerikii-mahebroileri-koib-kulmutatud\/#breadcrumb","itemListElement":[{"@type":"ListItem","position":1,"name":"Home","item":"https:\/\/antumois.ee\/pood\/"},{"@type":"ListItem","position":2,"name":"Shop","item":"https:\/\/antumois.ee\/pood\/"},{"@type":"ListItem","position":3,"name":"Kikerikii mahebroileri koib ~350 g (k\u00fclmutatud)"}]},{"@type":"WebSite","@id":"https:\/\/antumois.ee\/pood\/#website","url":"https:\/\/antumois.ee\/pood\/","name":"\u00c4ntu M\u00f5is e-pood","description":"\u00c4ntu M\u00f5is e-pood","publisher":{"@id":"https:\/\/antumois.ee\/pood\/#organization"},"potentialAction":[{"@type":"SearchAction","target":{"@type":"EntryPoint","urlTemplate":"https:\/\/antumois.ee\/pood\/?s={search_term_string}"},"query-input":{"@type":"PropertyValueSpecification","valueRequired":true,"valueName":"search_term_string"}}],"inLanguage":"et"},{"@type":"Organization","@id":"https:\/\/antumois.ee\/pood\/#organization","name":"\u00c4ntu M\u00f5is e-pood","url":"https:\/\/antumois.ee\/pood\/","logo":{"@type":"ImageObject","inLanguage":"et","@id":"https:\/\/antumois.ee\/pood\/#\/schema\/logo\/image\/","url":"https:\/\/antumois.ee\/pood\/wp-content\/uploads\/2022\/11\/Kikerikiiantu_logo.png","contentUrl":"https:\/\/antumois.ee\/pood\/wp-content\/uploads\/2022\/11\/Kikerikiiantu_logo.png","width":266,"height":193,"caption":"\u00c4ntu M\u00f5is e-pood"},"image":{"@id":"https:\/\/antumois.ee\/pood\/#\/schema\/logo\/image\/"},"sameAs":["https:\/\/www.facebook.com\/antumois.kikerikii","https:\/\/www.instagram.com\/antu.kikerikii\/"]}]}},"jetpack_sharing_enabled":true,"_links":{"self":[{"href":"https:\/\/antumois.ee\/pood\/wp-json\/wp\/v2\/product\/167","targetHints":{"allow":["GET"]}}],"collection":[{"href":"https:\/\/antumois.ee\/pood\/wp-json\/wp\/v2\/product"}],"about":[{"href":"https:\/\/antumois.ee\/pood\/wp-json\/wp\/v2\/types\/product"}],"wp:featuredmedia":[{"embeddable":true,"href":"https:\/\/antumois.ee\/pood\/wp-json\/wp\/v2\/media\/1221"}],"wp:attachment":[{"href":"https:\/\/antumois.ee\/pood\/wp-json\/wp\/v2\/media?parent=167"}],"wp:term":[{"taxonomy":"product_brand","embeddable":true,"href":"https:\/\/antumois.ee\/pood\/wp-json\/wp\/v2\/product_brand?post=167"},{"taxonomy":"product_cat","embeddable":true,"href":"https:\/\/antumois.ee\/pood\/wp-json\/wp\/v2\/product_cat?post=167"},{"taxonomy":"product_tag","embeddable":true,"href":"https:\/\/antumois.ee\/pood\/wp-json\/wp\/v2\/product_tag?post=167"}],"curies":[{"name":"wp","href":"https:\/\/api.w.org\/{rel}","templated":true}]}}