{"id":2136,"date":"2026-05-06T13:45:07","date_gmt":"2026-05-06T10:45:07","guid":{"rendered":"https:\/\/antumois.ee\/pood\/?post_type=product&#038;p=2136"},"modified":"2026-05-06T13:56:34","modified_gmt":"2026-05-06T10:56:34","slug":"armeenia-saslokk-600g","status":"publish","type":"product","link":"https:\/\/antumois.ee\/pood\/product\/armeenia-saslokk-600g\/","title":{"rendered":"Armeenia \u0161a\u0161l\u00f5kk 600g"},"content":{"rendered":"<p>Eksootiline ja aromaatne!<\/p>\n<p>Armeenia v\u00fcrtsidega marineeritud \u0161a\u0161l\u00f5kk toob grillile soojad ja suitsused maitsenoodid.<\/p>\n","protected":false},"excerpt":{"rendered":"<p>Koostisosad: sealiha (97,1%), sibulapulber, meresool, v\u00fcrtsid, maitsetaimed.<\/p>\n<p>100 g toodet sisaldab keskmiselt: energiasisaldus 720kJ\/172kcal, rasvu 11,8g, sh ku\u0308llastunud rasvhappeid 4,7g, su\u0308sivesikuid 0,84g, sh suhkruid 0,76g, valke 15,4g, soola 1,3g.<\/p>\n<p>S\u00e4ilitada temperatuuril: +2\u2026 +6 \u00b0C.<\/p>\n<p>Avatud pakendis toode tarvitada 48 h jooksul.<\/p>\n","protected":false},"featured_media":2137,"template":"","meta":[],"product_brand":[52],"product_cat":[42],"product_tag":[],"class_list":{"0":"post-2136","1":"product","2":"type-product","3":"status-publish","4":"has-post-thumbnail","6":"product_brand-sirloin","7":"product_cat-sirloin-lihatooted","9":"first","10":"instock","11":"taxable","12":"shipping-taxable","13":"purchasable","14":"product-type-simple"},"yoast_head":"<!-- This site is optimized with the Yoast SEO plugin v27.4 - https:\/\/yoast.com\/product\/yoast-seo-wordpress\/ -->\n<title>Armeenia \u0161a\u0161l\u00f5kk 600g - \u00c4ntu M\u00f5is e-pood<\/title>\n<meta name=\"robots\" content=\"index, follow, max-snippet:-1, max-image-preview:large, max-video-preview:-1\" \/>\n<link rel=\"canonical\" href=\"https:\/\/antumois.ee\/pood\/product\/armeenia-saslokk-600g\/\" \/>\n<meta property=\"og:locale\" content=\"et_EE\" \/>\n<meta property=\"og:type\" content=\"article\" \/>\n<meta property=\"og:title\" content=\"Armeenia \u0161a\u0161l\u00f5kk 600g - \u00c4ntu M\u00f5is e-pood\" \/>\n<meta property=\"og:description\" content=\"Koostisosad: sealiha (97,1%), sibulapulber, meresool, v\u00fcrtsid, maitsetaimed.  100 g toodet sisaldab keskmiselt: energiasisaldus 720kJ\/172kcal, rasvu 11,8g, sh ku\u0308llastunud rasvhappeid 4,7g, su\u0308sivesikuid 0,84g, sh suhkruid 0,76g, valke 15,4g, soola 1,3g.  S\u00e4ilitada temperatuuril: +2\u2026 +6 \u00b0C.  Avatud pakendis toode tarvitada 48 h jooksul.\" \/>\n<meta property=\"og:url\" content=\"https:\/\/antumois.ee\/pood\/product\/armeenia-saslokk-600g\/\" \/>\n<meta property=\"og:site_name\" content=\"\u00c4ntu M\u00f5is e-pood\" \/>\n<meta property=\"article:publisher\" content=\"https:\/\/www.facebook.com\/antumois.kikerikii\" \/>\n<meta property=\"article:modified_time\" content=\"2026-05-06T10:56:34+00:00\" \/>\n<meta property=\"og:image\" content=\"https:\/\/antumois.ee\/pood\/wp-content\/uploads\/2026\/05\/Armeenia-saslokk-taustata-600x800.png\" \/>\n\t<meta property=\"og:image:width\" content=\"600\" \/>\n\t<meta property=\"og:image:height\" content=\"800\" \/>\n\t<meta property=\"og:image:type\" content=\"image\/png\" \/>\n<meta name=\"twitter:card\" content=\"summary_large_image\" \/>\n<meta name=\"twitter:label1\" content=\"Est. reading time\" \/>\n\t<meta name=\"twitter:data1\" content=\"1 minut\" \/>\n<script type=\"application\/ld+json\" class=\"yoast-schema-graph\">{\"@context\":\"https:\\\/\\\/schema.org\",\"@graph\":[{\"@type\":\"WebPage\",\"@id\":\"https:\\\/\\\/antumois.ee\\\/pood\\\/product\\\/armeenia-saslokk-600g\\\/\",\"url\":\"https:\\\/\\\/antumois.ee\\\/pood\\\/product\\\/armeenia-saslokk-600g\\\/\",\"name\":\"Armeenia \u0161a\u0161l\u00f5kk 600g - \u00c4ntu M\u00f5is e-pood\",\"isPartOf\":{\"@id\":\"https:\\\/\\\/antumois.ee\\\/pood\\\/#website\"},\"primaryImageOfPage\":{\"@id\":\"https:\\\/\\\/antumois.ee\\\/pood\\\/product\\\/armeenia-saslokk-600g\\\/#primaryimage\"},\"image\":{\"@id\":\"https:\\\/\\\/antumois.ee\\\/pood\\\/product\\\/armeenia-saslokk-600g\\\/#primaryimage\"},\"thumbnailUrl\":\"https:\\\/\\\/antumois.ee\\\/pood\\\/wp-content\\\/uploads\\\/2026\\\/05\\\/Armeenia-saslokk-taustata.png\",\"datePublished\":\"2026-05-06T10:45:07+00:00\",\"dateModified\":\"2026-05-06T10:56:34+00:00\",\"breadcrumb\":{\"@id\":\"https:\\\/\\\/antumois.ee\\\/pood\\\/product\\\/armeenia-saslokk-600g\\\/#breadcrumb\"},\"inLanguage\":\"et\",\"potentialAction\":[{\"@type\":\"ReadAction\",\"target\":[\"https:\\\/\\\/antumois.ee\\\/pood\\\/product\\\/armeenia-saslokk-600g\\\/\"]}]},{\"@type\":\"ImageObject\",\"inLanguage\":\"et\",\"@id\":\"https:\\\/\\\/antumois.ee\\\/pood\\\/product\\\/armeenia-saslokk-600g\\\/#primaryimage\",\"url\":\"https:\\\/\\\/antumois.ee\\\/pood\\\/wp-content\\\/uploads\\\/2026\\\/05\\\/Armeenia-saslokk-taustata.png\",\"contentUrl\":\"https:\\\/\\\/antumois.ee\\\/pood\\\/wp-content\\\/uploads\\\/2026\\\/05\\\/Armeenia-saslokk-taustata.png\",\"width\":1331,\"height\":1774},{\"@type\":\"BreadcrumbList\",\"@id\":\"https:\\\/\\\/antumois.ee\\\/pood\\\/product\\\/armeenia-saslokk-600g\\\/#breadcrumb\",\"itemListElement\":[{\"@type\":\"ListItem\",\"position\":1,\"name\":\"Home\",\"item\":\"https:\\\/\\\/antumois.ee\\\/pood\\\/\"},{\"@type\":\"ListItem\",\"position\":2,\"name\":\"Shop\",\"item\":\"https:\\\/\\\/antumois.ee\\\/pood\\\/\"},{\"@type\":\"ListItem\",\"position\":3,\"name\":\"Armeenia \u0161a\u0161l\u00f5kk 600g\"}]},{\"@type\":\"WebSite\",\"@id\":\"https:\\\/\\\/antumois.ee\\\/pood\\\/#website\",\"url\":\"https:\\\/\\\/antumois.ee\\\/pood\\\/\",\"name\":\"\u00c4ntu M\u00f5is e-pood\",\"description\":\"\u00c4ntu M\u00f5is e-pood\",\"publisher\":{\"@id\":\"https:\\\/\\\/antumois.ee\\\/pood\\\/#organization\"},\"potentialAction\":[{\"@type\":\"SearchAction\",\"target\":{\"@type\":\"EntryPoint\",\"urlTemplate\":\"https:\\\/\\\/antumois.ee\\\/pood\\\/?s={search_term_string}\"},\"query-input\":{\"@type\":\"PropertyValueSpecification\",\"valueRequired\":true,\"valueName\":\"search_term_string\"}}],\"inLanguage\":\"et\"},{\"@type\":\"Organization\",\"@id\":\"https:\\\/\\\/antumois.ee\\\/pood\\\/#organization\",\"name\":\"\u00c4ntu M\u00f5is e-pood\",\"url\":\"https:\\\/\\\/antumois.ee\\\/pood\\\/\",\"logo\":{\"@type\":\"ImageObject\",\"inLanguage\":\"et\",\"@id\":\"https:\\\/\\\/antumois.ee\\\/pood\\\/#\\\/schema\\\/logo\\\/image\\\/\",\"url\":\"https:\\\/\\\/antumois.ee\\\/pood\\\/wp-content\\\/uploads\\\/2022\\\/11\\\/Kikerikiiantu_logo.png\",\"contentUrl\":\"https:\\\/\\\/antumois.ee\\\/pood\\\/wp-content\\\/uploads\\\/2022\\\/11\\\/Kikerikiiantu_logo.png\",\"width\":266,\"height\":193,\"caption\":\"\u00c4ntu M\u00f5is e-pood\"},\"image\":{\"@id\":\"https:\\\/\\\/antumois.ee\\\/pood\\\/#\\\/schema\\\/logo\\\/image\\\/\"},\"sameAs\":[\"https:\\\/\\\/www.facebook.com\\\/antumois.kikerikii\",\"https:\\\/\\\/www.instagram.com\\\/antu.kikerikii\\\/\"]}]}<\/script>\n<!-- \/ Yoast SEO plugin. -->","yoast_head_json":{"title":"Armeenia \u0161a\u0161l\u00f5kk 600g - \u00c4ntu M\u00f5is e-pood","robots":{"index":"index","follow":"follow","max-snippet":"max-snippet:-1","max-image-preview":"max-image-preview:large","max-video-preview":"max-video-preview:-1"},"canonical":"https:\/\/antumois.ee\/pood\/product\/armeenia-saslokk-600g\/","og_locale":"et_EE","og_type":"article","og_title":"Armeenia \u0161a\u0161l\u00f5kk 600g - \u00c4ntu M\u00f5is e-pood","og_description":"Koostisosad: sealiha (97,1%), sibulapulber, meresool, v\u00fcrtsid, maitsetaimed.  100 g toodet sisaldab keskmiselt: energiasisaldus 720kJ\/172kcal, rasvu 11,8g, sh ku\u0308llastunud rasvhappeid 4,7g, su\u0308sivesikuid 0,84g, sh suhkruid 0,76g, valke 15,4g, soola 1,3g.  S\u00e4ilitada temperatuuril: +2\u2026 +6 \u00b0C.  Avatud pakendis toode tarvitada 48 h jooksul.","og_url":"https:\/\/antumois.ee\/pood\/product\/armeenia-saslokk-600g\/","og_site_name":"\u00c4ntu M\u00f5is e-pood","article_publisher":"https:\/\/www.facebook.com\/antumois.kikerikii","article_modified_time":"2026-05-06T10:56:34+00:00","og_image":[{"width":600,"height":800,"url":"https:\/\/antumois.ee\/pood\/wp-content\/uploads\/2026\/05\/Armeenia-saslokk-taustata-600x800.png","type":"image\/png"}],"twitter_card":"summary_large_image","twitter_misc":{"Est. reading time":"1 minut"},"schema":{"@context":"https:\/\/schema.org","@graph":[{"@type":"WebPage","@id":"https:\/\/antumois.ee\/pood\/product\/armeenia-saslokk-600g\/","url":"https:\/\/antumois.ee\/pood\/product\/armeenia-saslokk-600g\/","name":"Armeenia \u0161a\u0161l\u00f5kk 600g - \u00c4ntu M\u00f5is e-pood","isPartOf":{"@id":"https:\/\/antumois.ee\/pood\/#website"},"primaryImageOfPage":{"@id":"https:\/\/antumois.ee\/pood\/product\/armeenia-saslokk-600g\/#primaryimage"},"image":{"@id":"https:\/\/antumois.ee\/pood\/product\/armeenia-saslokk-600g\/#primaryimage"},"thumbnailUrl":"https:\/\/antumois.ee\/pood\/wp-content\/uploads\/2026\/05\/Armeenia-saslokk-taustata.png","datePublished":"2026-05-06T10:45:07+00:00","dateModified":"2026-05-06T10:56:34+00:00","breadcrumb":{"@id":"https:\/\/antumois.ee\/pood\/product\/armeenia-saslokk-600g\/#breadcrumb"},"inLanguage":"et","potentialAction":[{"@type":"ReadAction","target":["https:\/\/antumois.ee\/pood\/product\/armeenia-saslokk-600g\/"]}]},{"@type":"ImageObject","inLanguage":"et","@id":"https:\/\/antumois.ee\/pood\/product\/armeenia-saslokk-600g\/#primaryimage","url":"https:\/\/antumois.ee\/pood\/wp-content\/uploads\/2026\/05\/Armeenia-saslokk-taustata.png","contentUrl":"https:\/\/antumois.ee\/pood\/wp-content\/uploads\/2026\/05\/Armeenia-saslokk-taustata.png","width":1331,"height":1774},{"@type":"BreadcrumbList","@id":"https:\/\/antumois.ee\/pood\/product\/armeenia-saslokk-600g\/#breadcrumb","itemListElement":[{"@type":"ListItem","position":1,"name":"Home","item":"https:\/\/antumois.ee\/pood\/"},{"@type":"ListItem","position":2,"name":"Shop","item":"https:\/\/antumois.ee\/pood\/"},{"@type":"ListItem","position":3,"name":"Armeenia \u0161a\u0161l\u00f5kk 600g"}]},{"@type":"WebSite","@id":"https:\/\/antumois.ee\/pood\/#website","url":"https:\/\/antumois.ee\/pood\/","name":"\u00c4ntu M\u00f5is e-pood","description":"\u00c4ntu M\u00f5is e-pood","publisher":{"@id":"https:\/\/antumois.ee\/pood\/#organization"},"potentialAction":[{"@type":"SearchAction","target":{"@type":"EntryPoint","urlTemplate":"https:\/\/antumois.ee\/pood\/?s={search_term_string}"},"query-input":{"@type":"PropertyValueSpecification","valueRequired":true,"valueName":"search_term_string"}}],"inLanguage":"et"},{"@type":"Organization","@id":"https:\/\/antumois.ee\/pood\/#organization","name":"\u00c4ntu M\u00f5is e-pood","url":"https:\/\/antumois.ee\/pood\/","logo":{"@type":"ImageObject","inLanguage":"et","@id":"https:\/\/antumois.ee\/pood\/#\/schema\/logo\/image\/","url":"https:\/\/antumois.ee\/pood\/wp-content\/uploads\/2022\/11\/Kikerikiiantu_logo.png","contentUrl":"https:\/\/antumois.ee\/pood\/wp-content\/uploads\/2022\/11\/Kikerikiiantu_logo.png","width":266,"height":193,"caption":"\u00c4ntu M\u00f5is e-pood"},"image":{"@id":"https:\/\/antumois.ee\/pood\/#\/schema\/logo\/image\/"},"sameAs":["https:\/\/www.facebook.com\/antumois.kikerikii","https:\/\/www.instagram.com\/antu.kikerikii\/"]}]}},"jetpack_sharing_enabled":true,"_links":{"self":[{"href":"https:\/\/antumois.ee\/pood\/wp-json\/wp\/v2\/product\/2136","targetHints":{"allow":["GET"]}}],"collection":[{"href":"https:\/\/antumois.ee\/pood\/wp-json\/wp\/v2\/product"}],"about":[{"href":"https:\/\/antumois.ee\/pood\/wp-json\/wp\/v2\/types\/product"}],"wp:featuredmedia":[{"embeddable":true,"href":"https:\/\/antumois.ee\/pood\/wp-json\/wp\/v2\/media\/2137"}],"wp:attachment":[{"href":"https:\/\/antumois.ee\/pood\/wp-json\/wp\/v2\/media?parent=2136"}],"wp:term":[{"taxonomy":"product_brand","embeddable":true,"href":"https:\/\/antumois.ee\/pood\/wp-json\/wp\/v2\/product_brand?post=2136"},{"taxonomy":"product_cat","embeddable":true,"href":"https:\/\/antumois.ee\/pood\/wp-json\/wp\/v2\/product_cat?post=2136"},{"taxonomy":"product_tag","embeddable":true,"href":"https:\/\/antumois.ee\/pood\/wp-json\/wp\/v2\/product_tag?post=2136"}],"curies":[{"name":"wp","href":"https:\/\/api.w.org\/{rel}","templated":true}]}}