{"id":593,"date":"2023-04-10T13:50:11","date_gmt":"2023-04-10T10:50:11","guid":{"rendered":"https:\/\/antumois.ee\/pood\/?post_type=product&#038;p=593"},"modified":"2026-01-14T11:39:26","modified_gmt":"2026-01-14T09:39:26","slug":"kikerikii-mahemunad-m-kastis-12-resti","status":"publish","type":"product","link":"https:\/\/antumois.ee\/pood\/product\/kikerikii-mahemunad-m-kastis-12-resti\/","title":{"rendered":"Kikerikii M mahemunad kastis (12 resti)"},"content":{"rendered":"<div>Miks eelistada Kikerikii mahemune?<\/div>\n<div>\n<div>Mahemunad tulevad kanadelt, keda toidetakse mahep\u00f5llumajandusliku s\u00f6\u00f6daga. \u00c4ntu m\u00f5isa kanad, kes munevad Kikerikii munad, saavad puhastel p\u00f5ldudel kasvatatud s\u00f6\u00f6ta, mida ei m\u00fcrgitata v\u00e4etiste ja pestitsiididega. Enamus vilja kasvatame me ise, aga ostame lisa ka teistelt mahep\u00f5llumeestelt.<\/div>\n<div><\/div>\n<div>Mahemunad on vabad antibiootikumidest ja hormoonidest, mida tavaliselt kasutatakse mittemahep\u00f5llumajanduslikus munatootmises. Mahemunade valimine t\u00e4hendab, et toetad neid tootjaid, kes ei lisa sinu toidulauale potentsiaalselt kahjulikke lisandeid.<\/div>\n<\/div>\n","protected":false},"excerpt":{"rendered":"<p>Mahep\u00f5llumajanduslikult peetavate kanade munad. \u00dches kastis on 12 resti, restis on 30 muna.<\/p>\n<p>M-suurus 53-63 g<\/p>\n<p>S\u00e4ilitada jahedas, \u00fchtlasel temperatuuril.<\/p>\n","protected":false},"featured_media":630,"template":"","meta":[],"product_brand":[50],"product_cat":[16,41],"product_tag":[],"class_list":{"0":"post-593","1":"product","2":"type-product","3":"status-publish","4":"has-post-thumbnail","6":"product_brand-kikerikii","7":"product_cat-mahemunad","8":"product_cat-suurpakid","10":"first","11":"instock","12":"taxable","13":"shipping-taxable","14":"purchasable","15":"product-type-simple"},"yoast_head":"<!-- This site is optimized with the Yoast SEO plugin v26.9 - https:\/\/yoast.com\/product\/yoast-seo-wordpress\/ -->\n<title>Kikerikii M mahemunad kastis (12 resti) - \u00c4ntu M\u00f5is e-pood<\/title>\n<meta name=\"description\" content=\"Mahep\u00f5llumajanduslikult peetavate kanade munad.\" \/>\n<meta name=\"robots\" content=\"index, follow, max-snippet:-1, max-image-preview:large, max-video-preview:-1\" \/>\n<link rel=\"canonical\" href=\"https:\/\/antumois.ee\/pood\/product\/kikerikii-mahemunad-m-kastis-12-resti\/\" \/>\n<meta property=\"og:locale\" content=\"et_EE\" \/>\n<meta property=\"og:type\" content=\"article\" \/>\n<meta property=\"og:title\" content=\"Kikerikii M mahemunad kastis (12 resti) - \u00c4ntu M\u00f5is e-pood\" \/>\n<meta property=\"og:description\" content=\"Mahep\u00f5llumajanduslikult peetavate kanade munad.\" \/>\n<meta property=\"og:url\" content=\"https:\/\/antumois.ee\/pood\/product\/kikerikii-mahemunad-m-kastis-12-resti\/\" \/>\n<meta property=\"og:site_name\" content=\"\u00c4ntu M\u00f5is e-pood\" \/>\n<meta property=\"article:publisher\" content=\"https:\/\/www.facebook.com\/antumois.kikerikii\" \/>\n<meta property=\"article:modified_time\" content=\"2026-01-14T09:39:26+00:00\" \/>\n<meta property=\"og:image\" content=\"https:\/\/antumois.ee\/pood\/wp-content\/uploads\/2023\/04\/Kikerikii-kast_mahemuna.png\" \/>\n\t<meta property=\"og:image:width\" content=\"2000\" \/>\n\t<meta property=\"og:image:height\" content=\"2000\" \/>\n\t<meta property=\"og:image:type\" content=\"image\/png\" \/>\n<meta name=\"twitter:card\" content=\"summary_large_image\" \/>\n<meta name=\"twitter:label1\" content=\"Est. reading time\" \/>\n\t<meta name=\"twitter:data1\" content=\"1 minut\" \/>\n<script type=\"application\/ld+json\" class=\"yoast-schema-graph\">{\"@context\":\"https:\/\/schema.org\",\"@graph\":[{\"@type\":\"WebPage\",\"@id\":\"https:\/\/antumois.ee\/pood\/product\/kikerikii-mahemunad-m-kastis-12-resti\/\",\"url\":\"https:\/\/antumois.ee\/pood\/product\/kikerikii-mahemunad-m-kastis-12-resti\/\",\"name\":\"Kikerikii M mahemunad kastis (12 resti) - \u00c4ntu M\u00f5is e-pood\",\"isPartOf\":{\"@id\":\"https:\/\/antumois.ee\/pood\/#website\"},\"primaryImageOfPage\":{\"@id\":\"https:\/\/antumois.ee\/pood\/product\/kikerikii-mahemunad-m-kastis-12-resti\/#primaryimage\"},\"image\":{\"@id\":\"https:\/\/antumois.ee\/pood\/product\/kikerikii-mahemunad-m-kastis-12-resti\/#primaryimage\"},\"thumbnailUrl\":\"https:\/\/antumois.ee\/pood\/wp-content\/uploads\/2023\/04\/Kikerikii-kast_mahemuna.png\",\"datePublished\":\"2023-04-10T10:50:11+00:00\",\"dateModified\":\"2026-01-14T09:39:26+00:00\",\"description\":\"Mahep\u00f5llumajanduslikult peetavate kanade munad.\",\"breadcrumb\":{\"@id\":\"https:\/\/antumois.ee\/pood\/product\/kikerikii-mahemunad-m-kastis-12-resti\/#breadcrumb\"},\"inLanguage\":\"et\",\"potentialAction\":[{\"@type\":\"ReadAction\",\"target\":[\"https:\/\/antumois.ee\/pood\/product\/kikerikii-mahemunad-m-kastis-12-resti\/\"]}]},{\"@type\":\"ImageObject\",\"inLanguage\":\"et\",\"@id\":\"https:\/\/antumois.ee\/pood\/product\/kikerikii-mahemunad-m-kastis-12-resti\/#primaryimage\",\"url\":\"https:\/\/antumois.ee\/pood\/wp-content\/uploads\/2023\/04\/Kikerikii-kast_mahemuna.png\",\"contentUrl\":\"https:\/\/antumois.ee\/pood\/wp-content\/uploads\/2023\/04\/Kikerikii-kast_mahemuna.png\",\"width\":2000,\"height\":2000},{\"@type\":\"BreadcrumbList\",\"@id\":\"https:\/\/antumois.ee\/pood\/product\/kikerikii-mahemunad-m-kastis-12-resti\/#breadcrumb\",\"itemListElement\":[{\"@type\":\"ListItem\",\"position\":1,\"name\":\"Home\",\"item\":\"https:\/\/antumois.ee\/pood\/\"},{\"@type\":\"ListItem\",\"position\":2,\"name\":\"Shop\",\"item\":\"https:\/\/antumois.ee\/pood\/\"},{\"@type\":\"ListItem\",\"position\":3,\"name\":\"Kikerikii M mahemunad kastis (12 resti)\"}]},{\"@type\":\"WebSite\",\"@id\":\"https:\/\/antumois.ee\/pood\/#website\",\"url\":\"https:\/\/antumois.ee\/pood\/\",\"name\":\"\u00c4ntu M\u00f5is e-pood\",\"description\":\"\u00c4ntu M\u00f5is e-pood\",\"publisher\":{\"@id\":\"https:\/\/antumois.ee\/pood\/#organization\"},\"potentialAction\":[{\"@type\":\"SearchAction\",\"target\":{\"@type\":\"EntryPoint\",\"urlTemplate\":\"https:\/\/antumois.ee\/pood\/?s={search_term_string}\"},\"query-input\":{\"@type\":\"PropertyValueSpecification\",\"valueRequired\":true,\"valueName\":\"search_term_string\"}}],\"inLanguage\":\"et\"},{\"@type\":\"Organization\",\"@id\":\"https:\/\/antumois.ee\/pood\/#organization\",\"name\":\"\u00c4ntu M\u00f5is e-pood\",\"url\":\"https:\/\/antumois.ee\/pood\/\",\"logo\":{\"@type\":\"ImageObject\",\"inLanguage\":\"et\",\"@id\":\"https:\/\/antumois.ee\/pood\/#\/schema\/logo\/image\/\",\"url\":\"https:\/\/antumois.ee\/pood\/wp-content\/uploads\/2022\/11\/Kikerikiiantu_logo.png\",\"contentUrl\":\"https:\/\/antumois.ee\/pood\/wp-content\/uploads\/2022\/11\/Kikerikiiantu_logo.png\",\"width\":266,\"height\":193,\"caption\":\"\u00c4ntu M\u00f5is e-pood\"},\"image\":{\"@id\":\"https:\/\/antumois.ee\/pood\/#\/schema\/logo\/image\/\"},\"sameAs\":[\"https:\/\/www.facebook.com\/antumois.kikerikii\",\"https:\/\/www.instagram.com\/antu.kikerikii\/\"]}]}<\/script>\n<!-- \/ Yoast SEO plugin. -->","yoast_head_json":{"title":"Kikerikii M mahemunad kastis (12 resti) - \u00c4ntu M\u00f5is e-pood","description":"Mahep\u00f5llumajanduslikult peetavate kanade munad.","robots":{"index":"index","follow":"follow","max-snippet":"max-snippet:-1","max-image-preview":"max-image-preview:large","max-video-preview":"max-video-preview:-1"},"canonical":"https:\/\/antumois.ee\/pood\/product\/kikerikii-mahemunad-m-kastis-12-resti\/","og_locale":"et_EE","og_type":"article","og_title":"Kikerikii M mahemunad kastis (12 resti) - \u00c4ntu M\u00f5is e-pood","og_description":"Mahep\u00f5llumajanduslikult peetavate kanade munad.","og_url":"https:\/\/antumois.ee\/pood\/product\/kikerikii-mahemunad-m-kastis-12-resti\/","og_site_name":"\u00c4ntu M\u00f5is e-pood","article_publisher":"https:\/\/www.facebook.com\/antumois.kikerikii","article_modified_time":"2026-01-14T09:39:26+00:00","og_image":[{"width":2000,"height":2000,"url":"https:\/\/antumois.ee\/pood\/wp-content\/uploads\/2023\/04\/Kikerikii-kast_mahemuna.png","type":"image\/png"}],"twitter_card":"summary_large_image","twitter_misc":{"Est. reading time":"1 minut"},"schema":{"@context":"https:\/\/schema.org","@graph":[{"@type":"WebPage","@id":"https:\/\/antumois.ee\/pood\/product\/kikerikii-mahemunad-m-kastis-12-resti\/","url":"https:\/\/antumois.ee\/pood\/product\/kikerikii-mahemunad-m-kastis-12-resti\/","name":"Kikerikii M mahemunad kastis (12 resti) - \u00c4ntu M\u00f5is e-pood","isPartOf":{"@id":"https:\/\/antumois.ee\/pood\/#website"},"primaryImageOfPage":{"@id":"https:\/\/antumois.ee\/pood\/product\/kikerikii-mahemunad-m-kastis-12-resti\/#primaryimage"},"image":{"@id":"https:\/\/antumois.ee\/pood\/product\/kikerikii-mahemunad-m-kastis-12-resti\/#primaryimage"},"thumbnailUrl":"https:\/\/antumois.ee\/pood\/wp-content\/uploads\/2023\/04\/Kikerikii-kast_mahemuna.png","datePublished":"2023-04-10T10:50:11+00:00","dateModified":"2026-01-14T09:39:26+00:00","description":"Mahep\u00f5llumajanduslikult peetavate kanade munad.","breadcrumb":{"@id":"https:\/\/antumois.ee\/pood\/product\/kikerikii-mahemunad-m-kastis-12-resti\/#breadcrumb"},"inLanguage":"et","potentialAction":[{"@type":"ReadAction","target":["https:\/\/antumois.ee\/pood\/product\/kikerikii-mahemunad-m-kastis-12-resti\/"]}]},{"@type":"ImageObject","inLanguage":"et","@id":"https:\/\/antumois.ee\/pood\/product\/kikerikii-mahemunad-m-kastis-12-resti\/#primaryimage","url":"https:\/\/antumois.ee\/pood\/wp-content\/uploads\/2023\/04\/Kikerikii-kast_mahemuna.png","contentUrl":"https:\/\/antumois.ee\/pood\/wp-content\/uploads\/2023\/04\/Kikerikii-kast_mahemuna.png","width":2000,"height":2000},{"@type":"BreadcrumbList","@id":"https:\/\/antumois.ee\/pood\/product\/kikerikii-mahemunad-m-kastis-12-resti\/#breadcrumb","itemListElement":[{"@type":"ListItem","position":1,"name":"Home","item":"https:\/\/antumois.ee\/pood\/"},{"@type":"ListItem","position":2,"name":"Shop","item":"https:\/\/antumois.ee\/pood\/"},{"@type":"ListItem","position":3,"name":"Kikerikii M mahemunad kastis (12 resti)"}]},{"@type":"WebSite","@id":"https:\/\/antumois.ee\/pood\/#website","url":"https:\/\/antumois.ee\/pood\/","name":"\u00c4ntu M\u00f5is e-pood","description":"\u00c4ntu M\u00f5is e-pood","publisher":{"@id":"https:\/\/antumois.ee\/pood\/#organization"},"potentialAction":[{"@type":"SearchAction","target":{"@type":"EntryPoint","urlTemplate":"https:\/\/antumois.ee\/pood\/?s={search_term_string}"},"query-input":{"@type":"PropertyValueSpecification","valueRequired":true,"valueName":"search_term_string"}}],"inLanguage":"et"},{"@type":"Organization","@id":"https:\/\/antumois.ee\/pood\/#organization","name":"\u00c4ntu M\u00f5is e-pood","url":"https:\/\/antumois.ee\/pood\/","logo":{"@type":"ImageObject","inLanguage":"et","@id":"https:\/\/antumois.ee\/pood\/#\/schema\/logo\/image\/","url":"https:\/\/antumois.ee\/pood\/wp-content\/uploads\/2022\/11\/Kikerikiiantu_logo.png","contentUrl":"https:\/\/antumois.ee\/pood\/wp-content\/uploads\/2022\/11\/Kikerikiiantu_logo.png","width":266,"height":193,"caption":"\u00c4ntu M\u00f5is e-pood"},"image":{"@id":"https:\/\/antumois.ee\/pood\/#\/schema\/logo\/image\/"},"sameAs":["https:\/\/www.facebook.com\/antumois.kikerikii","https:\/\/www.instagram.com\/antu.kikerikii\/"]}]}},"jetpack_sharing_enabled":true,"_links":{"self":[{"href":"https:\/\/antumois.ee\/pood\/wp-json\/wp\/v2\/product\/593","targetHints":{"allow":["GET"]}}],"collection":[{"href":"https:\/\/antumois.ee\/pood\/wp-json\/wp\/v2\/product"}],"about":[{"href":"https:\/\/antumois.ee\/pood\/wp-json\/wp\/v2\/types\/product"}],"wp:featuredmedia":[{"embeddable":true,"href":"https:\/\/antumois.ee\/pood\/wp-json\/wp\/v2\/media\/630"}],"wp:attachment":[{"href":"https:\/\/antumois.ee\/pood\/wp-json\/wp\/v2\/media?parent=593"}],"wp:term":[{"taxonomy":"product_brand","embeddable":true,"href":"https:\/\/antumois.ee\/pood\/wp-json\/wp\/v2\/product_brand?post=593"},{"taxonomy":"product_cat","embeddable":true,"href":"https:\/\/antumois.ee\/pood\/wp-json\/wp\/v2\/product_cat?post=593"},{"taxonomy":"product_tag","embeddable":true,"href":"https:\/\/antumois.ee\/pood\/wp-json\/wp\/v2\/product_tag?post=593"}],"curies":[{"name":"wp","href":"https:\/\/api.w.org\/{rel}","templated":true}]}}