{"id":972,"date":"2024-10-04T18:13:39","date_gmt":"2024-10-04T15:13:39","guid":{"rendered":"https:\/\/antumois.ee\/pood\/?post_type=product&#038;p=972"},"modified":"2026-02-03T08:23:11","modified_gmt":"2026-02-03T06:23:11","slug":"veiseliha-konserv-sirloin","status":"publish","type":"product","link":"https:\/\/antumois.ee\/pood\/product\/veiseliha-konserv-sirloin\/","title":{"rendered":"Veiseliha konserv 330 g"},"content":{"rendered":"","protected":false},"excerpt":{"rendered":"<div class=\"fusion-text fusion-text-11\">\n<div class=\"product__list-wrapper -basic\">\n<p>Tootja: <span style=\"font-size: 14.4px;\">SirLoin O\u00dc<\/span><\/p>\n<p>Kogus: <span style=\"font-size: 14.4px;\">0.33 kg<\/span><\/p>\n<\/div>\n<div class=\"product__list-wrapper\">\n<p>Koostisosad: veiseliha (65%), sealiha (19%), seakamar, joogivesi, sool, suhkur, k\u00fc\u00fcslauk, v\u00fcrtsid, loorber, s\u00e4ilitusaine: naatriumnitrit.<\/p>\n<\/div>\n<div class=\"product__list-wrapper -simple\">\n<p class=\"heading\">Lisainfo<br \/>\n<span style=\"font-size: 14.4px;\">Min s\u00e4ilitustemperatuur: 0\u00b0 C<br \/>\n<\/span><span style=\"font-size: 14.4px;\">Max s\u00e4ilitustemperatuur: 25\u00b0 C<\/span><\/p>\n<\/div>\n<div class=\"product__list-wrapper\">\n<p class=\"heading\">Toitumisalane teave \/ <span style=\"font-size: 14.4px;\">Kogus 100 g\/ml kohta<\/span><\/p>\n<\/div>\n<div class=\"product__table\">\n<div>\n<table>\n<thead>\n<tr>\n<th>Toitev\u00e4\u00e4rtus<\/th>\n<th>Kogus 100 g\/ml kohta<\/th>\n<\/tr>\n<\/thead>\n<tbody>\n<tr>\n<td>energiasisaldus<\/td>\n<td>891 kJ\/ 213 kcal<\/td>\n<\/tr>\n<tr>\n<td>rasvad<\/td>\n<td>15.7 g<\/td>\n<\/tr>\n<tr>\n<td class=\"indent\">millest k\u00fcllastunud rasvhapped<\/td>\n<td>7.1 g<\/td>\n<\/tr>\n<tr>\n<td>s\u00fcsivesikud<\/td>\n<td>1.4 g<\/td>\n<\/tr>\n<tr>\n<td class=\"indent\">millest suhkrud<\/td>\n<td>0.3 g<\/td>\n<\/tr>\n<tr>\n<td>valgud<\/td>\n<td>16.5 g<\/td>\n<\/tr>\n<tr>\n<td>sool<\/td>\n<td>1.3 g<\/td>\n<\/tr>\n<\/tbody>\n<\/table>\n<\/div>\n<\/div>\n<\/div>\n","protected":false},"featured_media":979,"template":"","meta":[],"product_brand":[52],"product_cat":[42],"product_tag":[],"class_list":{"0":"post-972","1":"product","2":"type-product","3":"status-publish","4":"has-post-thumbnail","6":"product_brand-sirloin","7":"product_cat-sirloin-lihatooted","9":"first","10":"instock","11":"taxable","12":"shipping-taxable","13":"purchasable","14":"product-type-simple"},"yoast_head":"<!-- This site is optimized with the Yoast SEO plugin v26.9 - https:\/\/yoast.com\/product\/yoast-seo-wordpress\/ -->\n<title>Veiseliha konserv 330 g - \u00c4ntu M\u00f5is e-pood<\/title>\n<meta name=\"description\" content=\"Sirloin O\u00dc kvaliteetsed lihatooted.\" \/>\n<meta name=\"robots\" content=\"index, follow, max-snippet:-1, max-image-preview:large, max-video-preview:-1\" \/>\n<link rel=\"canonical\" href=\"https:\/\/antumois.ee\/pood\/product\/veiseliha-konserv-sirloin\/\" \/>\n<meta property=\"og:locale\" content=\"et_EE\" \/>\n<meta property=\"og:type\" content=\"article\" \/>\n<meta property=\"og:title\" content=\"Veiseliha konserv 330 g - \u00c4ntu M\u00f5is e-pood\" \/>\n<meta property=\"og:description\" content=\"Sirloin O\u00dc kvaliteetsed lihatooted.\" \/>\n<meta property=\"og:url\" content=\"https:\/\/antumois.ee\/pood\/product\/veiseliha-konserv-sirloin\/\" \/>\n<meta property=\"og:site_name\" content=\"\u00c4ntu M\u00f5is e-pood\" \/>\n<meta property=\"article:publisher\" content=\"https:\/\/www.facebook.com\/antumois.kikerikii\" \/>\n<meta property=\"article:modified_time\" content=\"2026-02-03T06:23:11+00:00\" \/>\n<meta property=\"og:image\" content=\"https:\/\/antumois.ee\/pood\/wp-content\/uploads\/2024\/10\/Veiseliha-konserv-Sirloin-1.png\" \/>\n\t<meta property=\"og:image:width\" content=\"400\" \/>\n\t<meta property=\"og:image:height\" content=\"400\" \/>\n\t<meta property=\"og:image:type\" content=\"image\/png\" \/>\n<meta name=\"twitter:card\" content=\"summary_large_image\" \/>\n<meta name=\"twitter:label1\" content=\"Est. reading time\" \/>\n\t<meta name=\"twitter:data1\" content=\"1 minut\" \/>\n<script type=\"application\/ld+json\" class=\"yoast-schema-graph\">{\"@context\":\"https:\/\/schema.org\",\"@graph\":[{\"@type\":\"WebPage\",\"@id\":\"https:\/\/antumois.ee\/pood\/product\/veiseliha-konserv-sirloin\/\",\"url\":\"https:\/\/antumois.ee\/pood\/product\/veiseliha-konserv-sirloin\/\",\"name\":\"Veiseliha konserv 330 g - \u00c4ntu M\u00f5is e-pood\",\"isPartOf\":{\"@id\":\"https:\/\/antumois.ee\/pood\/#website\"},\"primaryImageOfPage\":{\"@id\":\"https:\/\/antumois.ee\/pood\/product\/veiseliha-konserv-sirloin\/#primaryimage\"},\"image\":{\"@id\":\"https:\/\/antumois.ee\/pood\/product\/veiseliha-konserv-sirloin\/#primaryimage\"},\"thumbnailUrl\":\"https:\/\/antumois.ee\/pood\/wp-content\/uploads\/2024\/10\/Veiseliha-konserv-Sirloin-1.png\",\"datePublished\":\"2024-10-04T15:13:39+00:00\",\"dateModified\":\"2026-02-03T06:23:11+00:00\",\"description\":\"Sirloin O\u00dc kvaliteetsed lihatooted.\",\"breadcrumb\":{\"@id\":\"https:\/\/antumois.ee\/pood\/product\/veiseliha-konserv-sirloin\/#breadcrumb\"},\"inLanguage\":\"et\",\"potentialAction\":[{\"@type\":\"ReadAction\",\"target\":[\"https:\/\/antumois.ee\/pood\/product\/veiseliha-konserv-sirloin\/\"]}]},{\"@type\":\"ImageObject\",\"inLanguage\":\"et\",\"@id\":\"https:\/\/antumois.ee\/pood\/product\/veiseliha-konserv-sirloin\/#primaryimage\",\"url\":\"https:\/\/antumois.ee\/pood\/wp-content\/uploads\/2024\/10\/Veiseliha-konserv-Sirloin-1.png\",\"contentUrl\":\"https:\/\/antumois.ee\/pood\/wp-content\/uploads\/2024\/10\/Veiseliha-konserv-Sirloin-1.png\",\"width\":400,\"height\":400},{\"@type\":\"BreadcrumbList\",\"@id\":\"https:\/\/antumois.ee\/pood\/product\/veiseliha-konserv-sirloin\/#breadcrumb\",\"itemListElement\":[{\"@type\":\"ListItem\",\"position\":1,\"name\":\"Home\",\"item\":\"https:\/\/antumois.ee\/pood\/\"},{\"@type\":\"ListItem\",\"position\":2,\"name\":\"Shop\",\"item\":\"https:\/\/antumois.ee\/pood\/\"},{\"@type\":\"ListItem\",\"position\":3,\"name\":\"Veiseliha konserv 330 g\"}]},{\"@type\":\"WebSite\",\"@id\":\"https:\/\/antumois.ee\/pood\/#website\",\"url\":\"https:\/\/antumois.ee\/pood\/\",\"name\":\"\u00c4ntu M\u00f5is e-pood\",\"description\":\"\u00c4ntu M\u00f5is e-pood\",\"publisher\":{\"@id\":\"https:\/\/antumois.ee\/pood\/#organization\"},\"potentialAction\":[{\"@type\":\"SearchAction\",\"target\":{\"@type\":\"EntryPoint\",\"urlTemplate\":\"https:\/\/antumois.ee\/pood\/?s={search_term_string}\"},\"query-input\":{\"@type\":\"PropertyValueSpecification\",\"valueRequired\":true,\"valueName\":\"search_term_string\"}}],\"inLanguage\":\"et\"},{\"@type\":\"Organization\",\"@id\":\"https:\/\/antumois.ee\/pood\/#organization\",\"name\":\"\u00c4ntu M\u00f5is e-pood\",\"url\":\"https:\/\/antumois.ee\/pood\/\",\"logo\":{\"@type\":\"ImageObject\",\"inLanguage\":\"et\",\"@id\":\"https:\/\/antumois.ee\/pood\/#\/schema\/logo\/image\/\",\"url\":\"https:\/\/antumois.ee\/pood\/wp-content\/uploads\/2022\/11\/Kikerikiiantu_logo.png\",\"contentUrl\":\"https:\/\/antumois.ee\/pood\/wp-content\/uploads\/2022\/11\/Kikerikiiantu_logo.png\",\"width\":266,\"height\":193,\"caption\":\"\u00c4ntu M\u00f5is e-pood\"},\"image\":{\"@id\":\"https:\/\/antumois.ee\/pood\/#\/schema\/logo\/image\/\"},\"sameAs\":[\"https:\/\/www.facebook.com\/antumois.kikerikii\",\"https:\/\/www.instagram.com\/antu.kikerikii\/\"]}]}<\/script>\n<!-- \/ Yoast SEO plugin. -->","yoast_head_json":{"title":"Veiseliha konserv 330 g - \u00c4ntu M\u00f5is e-pood","description":"Sirloin O\u00dc kvaliteetsed lihatooted.","robots":{"index":"index","follow":"follow","max-snippet":"max-snippet:-1","max-image-preview":"max-image-preview:large","max-video-preview":"max-video-preview:-1"},"canonical":"https:\/\/antumois.ee\/pood\/product\/veiseliha-konserv-sirloin\/","og_locale":"et_EE","og_type":"article","og_title":"Veiseliha konserv 330 g - \u00c4ntu M\u00f5is e-pood","og_description":"Sirloin O\u00dc kvaliteetsed lihatooted.","og_url":"https:\/\/antumois.ee\/pood\/product\/veiseliha-konserv-sirloin\/","og_site_name":"\u00c4ntu M\u00f5is e-pood","article_publisher":"https:\/\/www.facebook.com\/antumois.kikerikii","article_modified_time":"2026-02-03T06:23:11+00:00","og_image":[{"width":400,"height":400,"url":"https:\/\/antumois.ee\/pood\/wp-content\/uploads\/2024\/10\/Veiseliha-konserv-Sirloin-1.png","type":"image\/png"}],"twitter_card":"summary_large_image","twitter_misc":{"Est. reading time":"1 minut"},"schema":{"@context":"https:\/\/schema.org","@graph":[{"@type":"WebPage","@id":"https:\/\/antumois.ee\/pood\/product\/veiseliha-konserv-sirloin\/","url":"https:\/\/antumois.ee\/pood\/product\/veiseliha-konserv-sirloin\/","name":"Veiseliha konserv 330 g - \u00c4ntu M\u00f5is e-pood","isPartOf":{"@id":"https:\/\/antumois.ee\/pood\/#website"},"primaryImageOfPage":{"@id":"https:\/\/antumois.ee\/pood\/product\/veiseliha-konserv-sirloin\/#primaryimage"},"image":{"@id":"https:\/\/antumois.ee\/pood\/product\/veiseliha-konserv-sirloin\/#primaryimage"},"thumbnailUrl":"https:\/\/antumois.ee\/pood\/wp-content\/uploads\/2024\/10\/Veiseliha-konserv-Sirloin-1.png","datePublished":"2024-10-04T15:13:39+00:00","dateModified":"2026-02-03T06:23:11+00:00","description":"Sirloin O\u00dc kvaliteetsed lihatooted.","breadcrumb":{"@id":"https:\/\/antumois.ee\/pood\/product\/veiseliha-konserv-sirloin\/#breadcrumb"},"inLanguage":"et","potentialAction":[{"@type":"ReadAction","target":["https:\/\/antumois.ee\/pood\/product\/veiseliha-konserv-sirloin\/"]}]},{"@type":"ImageObject","inLanguage":"et","@id":"https:\/\/antumois.ee\/pood\/product\/veiseliha-konserv-sirloin\/#primaryimage","url":"https:\/\/antumois.ee\/pood\/wp-content\/uploads\/2024\/10\/Veiseliha-konserv-Sirloin-1.png","contentUrl":"https:\/\/antumois.ee\/pood\/wp-content\/uploads\/2024\/10\/Veiseliha-konserv-Sirloin-1.png","width":400,"height":400},{"@type":"BreadcrumbList","@id":"https:\/\/antumois.ee\/pood\/product\/veiseliha-konserv-sirloin\/#breadcrumb","itemListElement":[{"@type":"ListItem","position":1,"name":"Home","item":"https:\/\/antumois.ee\/pood\/"},{"@type":"ListItem","position":2,"name":"Shop","item":"https:\/\/antumois.ee\/pood\/"},{"@type":"ListItem","position":3,"name":"Veiseliha konserv 330 g"}]},{"@type":"WebSite","@id":"https:\/\/antumois.ee\/pood\/#website","url":"https:\/\/antumois.ee\/pood\/","name":"\u00c4ntu M\u00f5is e-pood","description":"\u00c4ntu M\u00f5is e-pood","publisher":{"@id":"https:\/\/antumois.ee\/pood\/#organization"},"potentialAction":[{"@type":"SearchAction","target":{"@type":"EntryPoint","urlTemplate":"https:\/\/antumois.ee\/pood\/?s={search_term_string}"},"query-input":{"@type":"PropertyValueSpecification","valueRequired":true,"valueName":"search_term_string"}}],"inLanguage":"et"},{"@type":"Organization","@id":"https:\/\/antumois.ee\/pood\/#organization","name":"\u00c4ntu M\u00f5is e-pood","url":"https:\/\/antumois.ee\/pood\/","logo":{"@type":"ImageObject","inLanguage":"et","@id":"https:\/\/antumois.ee\/pood\/#\/schema\/logo\/image\/","url":"https:\/\/antumois.ee\/pood\/wp-content\/uploads\/2022\/11\/Kikerikiiantu_logo.png","contentUrl":"https:\/\/antumois.ee\/pood\/wp-content\/uploads\/2022\/11\/Kikerikiiantu_logo.png","width":266,"height":193,"caption":"\u00c4ntu M\u00f5is e-pood"},"image":{"@id":"https:\/\/antumois.ee\/pood\/#\/schema\/logo\/image\/"},"sameAs":["https:\/\/www.facebook.com\/antumois.kikerikii","https:\/\/www.instagram.com\/antu.kikerikii\/"]}]}},"jetpack_sharing_enabled":true,"_links":{"self":[{"href":"https:\/\/antumois.ee\/pood\/wp-json\/wp\/v2\/product\/972","targetHints":{"allow":["GET"]}}],"collection":[{"href":"https:\/\/antumois.ee\/pood\/wp-json\/wp\/v2\/product"}],"about":[{"href":"https:\/\/antumois.ee\/pood\/wp-json\/wp\/v2\/types\/product"}],"wp:featuredmedia":[{"embeddable":true,"href":"https:\/\/antumois.ee\/pood\/wp-json\/wp\/v2\/media\/979"}],"wp:attachment":[{"href":"https:\/\/antumois.ee\/pood\/wp-json\/wp\/v2\/media?parent=972"}],"wp:term":[{"taxonomy":"product_brand","embeddable":true,"href":"https:\/\/antumois.ee\/pood\/wp-json\/wp\/v2\/product_brand?post=972"},{"taxonomy":"product_cat","embeddable":true,"href":"https:\/\/antumois.ee\/pood\/wp-json\/wp\/v2\/product_cat?post=972"},{"taxonomy":"product_tag","embeddable":true,"href":"https:\/\/antumois.ee\/pood\/wp-json\/wp\/v2\/product_tag?post=972"}],"curies":[{"name":"wp","href":"https:\/\/api.w.org\/{rel}","templated":true}]}}